{"id":17,"date":"2020-01-31T16:03:14","date_gmt":"2020-01-31T16:03:14","guid":{"rendered":"http:\/\/addvisorygroup.com\/?page_id=17"},"modified":"2020-09-07T14:57:07","modified_gmt":"2020-09-07T14:57:07","slug":"nosotros","status":"publish","type":"page","link":"http:\/\/www.addvisorygroup.com\/index.php\/nosotros\/","title":{"rendered":"NOSOTROS"},"content":{"rendered":"<p>[et_pb_section fb_built=\u00bb1&#8243; fullwidth=\u00bbon\u00bb _builder_version=\u00bb4.2.2&#8243; bottom_divider_style=\u00bbslant2&#8243; bottom_divider_color=\u00bb#ffffff\u00bb][et_pb_fullwidth_slider _builder_version=\u00bb4.2.2&#8243;][et_pb_slide heading=\u00bb\u00bfQUIENES SOMOS?\u00bb use_bg_overlay=\u00bbon\u00bb use_text_overlay=\u00bboff\u00bb _builder_version=\u00bb4.2.2&#8243; header_font=\u00bb|800|||||||\u00bb header_font_size=\u00bb60px\u00bb background_image=\u00bbhttp:\/\/addvisorygroup.com\/wp-content\/uploads\/2020\/03\/005.jpg\u00bb background_enable_image=\u00bbon\u00bb parallax=\u00bbon\u00bb header_font_size_tablet=\u00bb\u00bb header_font_size_phone=\u00bb40px\u00bb header_font_size_last_edited=\u00bbon|phone\u00bb][\/et_pb_slide][\/et_pb_fullwidth_slider][\/et_pb_section][et_pb_section fb_built=\u00bb1&#8243; _builder_version=\u00bb4.2.2&#8243; custom_padding=\u00bb||20px|||\u00bb bottom_divider_color=\u00bb#ffffff\u00bb][et_pb_row _builder_version=\u00bb4.2.2&#8243;][et_pb_column type=\u00bb4_4&#8243; _builder_version=\u00bb4.2.2&#8243;][et_pb_image src=\u00bbhttp:\/\/addvisorygroup.com\/wp-content\/uploads\/2020\/01\/logopng300.png\u00bb align=\u00bbcenter\u00bb _builder_version=\u00bb4.2.2&#8243; animation_style=\u00bbfade\u00bb][\/et_pb_image][et_pb_text _builder_version=\u00bb4.2.2&#8243; text_text_color=\u00bb#0088a0&#8243; text_font_size=\u00bb18px\u00bb text_orientation=\u00bbcenter\u00bb animation_style=\u00bbzoom\u00bb]<\/p>\n<p><span style=\"color: rgba(0, 0, 0, 0.5);\">Sin\u00f3nimo de consulting. Sugiere la raz\u00f3n principal de nuestro giro de negocio y de nuestro equipo de trabajo, que es brindar asesoramiento profesional o consultivo en gesti\u00f3n, tecnolog\u00eda y procesos, sobre la base de nuestra experiencia y apoyados en nuestra red de aliados estrat\u00e9gicos.<\/span><\/p>\n<p><strong>Nuestra filosof\u00eda est\u00e1 reflejada en nuestra imagen corporativa<\/strong><\/p>\n<p>[\/et_pb_text][\/et_pb_column][\/et_pb_row][\/et_pb_section][et_pb_section fb_built=\u00bb1&#8243; _builder_version=\u00bb4.2.2&#8243; custom_padding=\u00bb21px|||||\u00bb][et_pb_row column_structure=\u00bb1_3,1_3,1_3&#8243; _builder_version=\u00bb4.2.2&#8243;][et_pb_column type=\u00bb1_3&#8243; _builder_version=\u00bb4.2.2&#8243;][et_pb_blurb title=\u00bbADVISORY\u00bb image=\u00bbhttp:\/\/addvisorygroup.com\/wp-content\/uploads\/2020\/03\/icon01.png\u00bb _builder_version=\u00bb4.2.2&#8243; header_font=\u00bb|700|||||||\u00bb header_text_align=\u00bbcenter\u00bb header_text_color=\u00bb#0088a0&#8243; header_font_size=\u00bb30px\u00bb body_text_align=\u00bbcenter\u00bb body_text_color=\u00bbrgba(0,0,0,0.56)\u00bb body_font_size=\u00bb18px\u00bb]<\/p>\n<p style=\"text-align: justify;\">Sin\u00f3nimo de consulting. Sugiere la raz\u00f3n principal de nuestro giro de negocio y de nuestro equipo de trabajo, que es brindar asesoramiento profesional o consultivo en gesti\u00f3n, tecnolog\u00eda y procesos, sobre la base de nuestra experiencia y apoyados en nuestra red de aliados estrat\u00e9gicos.<\/p>\n<p>[\/et_pb_blurb][\/et_pb_column][et_pb_column type=\u00bb1_3&#8243; _builder_version=\u00bb4.2.2&#8243;][et_pb_blurb title=\u00bbADD\u00bb image=\u00bbhttp:\/\/addvisorygroup.com\/wp-content\/uploads\/2020\/03\/icon02.png\u00bb _builder_version=\u00bb4.2.2&#8243; header_font=\u00bb|700|||||||\u00bb header_text_align=\u00bbcenter\u00bb header_text_color=\u00bb#0088a0&#8243; header_font_size=\u00bb30px\u00bb body_text_align=\u00bbcenter\u00bb body_text_color=\u00bbrgba(0,0,0,0.56)\u00bb body_font_size=\u00bb18px\u00bb]<\/p>\n<p style=\"text-align: justify;\">Sin\u00f3nimo de a\u00f1adir o agregar. Incluido en nuestro nombre como abreviaci\u00f3n de valueadd o valor agregado. Define que el asesoramiento profesional que brindamos est\u00e1 orientado, no s\u00f3lo a cubrir sino a sobrepasar las expectativas de sus clientes, logrando mejoras en su gesti\u00f3n.<\/p>\n<p>[\/et_pb_blurb][\/et_pb_column][et_pb_column type=\u00bb1_3&#8243; _builder_version=\u00bb4.2.2&#8243;][et_pb_blurb title=\u00bbGROUP\u00bb image=\u00bbhttp:\/\/addvisorygroup.com\/wp-content\/uploads\/2020\/03\/icon03.png\u00bb _builder_version=\u00bb4.2.2&#8243; header_font=\u00bb|700|||||||\u00bb header_text_align=\u00bbcenter\u00bb header_text_color=\u00bb#0088a0&#8243; header_font_size=\u00bb30px\u00bb body_text_align=\u00bbcenter\u00bb body_text_color=\u00bbrgba(0,0,0,0.56)\u00bb body_font_size=\u00bb18px\u00bb]<\/p>\n<p style=\"text-align: justify;\">Agrupaci\u00f3n o asociaci\u00f3n de aliados de negocio. Expresa el contexto de alianzas estrat\u00e9gicas o de partnership en que se desenvuelve la empresa. Propone integrar diversos conocimientos y mejores pr\u00e1cticas internacionales a fin de brindar a nuestros clientes soluciones integrales y probadas.<\/p>\n<p>[\/et_pb_blurb][\/et_pb_column][\/et_pb_row][\/et_pb_section][et_pb_section fb_built=\u00bb1&#8243; prev_background_color=\u00bb#ffffff\u00bb _builder_version=\u00bb4.2.2&#8243; background_image=\u00bbhttp:\/\/addvisorygroup.com\/wp-content\/uploads\/2020\/03\/006.jpg\u00bb top_divider_style=\u00bbslant2&#8243;][et_pb_row column_structure=\u00bb1_2,1_2&#8243; _builder_version=\u00bb4.2.2&#8243;][et_pb_column type=\u00bb1_2&#8243; _builder_version=\u00bb4.2.2&#8243;][\/et_pb_column][et_pb_column type=\u00bb1_2&#8243; _builder_version=\u00bb4.2.2&#8243; background_color=\u00bbrgba(255,255,255,0.68)\u00bb custom_padding=\u00bb30px|30px|30px|30px|false|false\u00bb border_radii=\u00bbon|18px|18px|18px|18px\u00bb][et_pb_text _builder_version=\u00bb4.2.2&#8243; text_font=\u00bb|300|||||||\u00bb text_text_color=\u00bb#0088a0&#8243; text_font_size=\u00bb18px\u00bb text_line_height=\u00bb1.6em\u00bb text_orientation=\u00bbjustified\u00bb animation_style=\u00bbzoom\u00bb]<\/p>\n<p><strong>Addvisory GROUP<\/strong> <span style=\"color: rgba(0, 0, 0, 0.5);\">fue fundada el a\u00f1o 2002, a partir de la visi\u00f3n de profesionales bolivianos, que a esa fecha ya contaban con m\u00e1s de 20 a\u00f1os de experiencia asesorando a empresas bolivianas en gesti\u00f3n y tecnolog\u00eda. La empresa fue creada como una iniciativa para brindar servicios profesionales distintivos e integrales para mejorar la gesti\u00f3n de las principales empresas del mercado.<\/span><br \/><span style=\"color: rgba(0, 0, 0, 0.5);\"> Operamos en una amplitud de soluciones que nos permiten apoyar a nuestros clientes desde la formulaci\u00f3n de su estrategia hasta el soporte de sus operaciones. Nuestra oferta de soluciones se basa en la conformaci\u00f3n de alianzas estrat\u00e9gicas con otras empresas de primer nivel, tanto nacional como internacional, a fin de poner a disposici\u00f3n de nuestros clientes soluciones integrales y de aplicaci\u00f3n probada.<\/span><\/p>\n<p>[\/et_pb_text][\/et_pb_column][\/et_pb_row][\/et_pb_section]<\/p>\n","protected":false},"excerpt":{"rendered":"<p>[et_pb_section fb_built=\u00bb1&#8243; fullwidth=\u00bbon\u00bb _builder_version=\u00bb4.2.2&#8243; bottom_divider_style=\u00bbslant2&#8243; bottom_divider_color=\u00bb#ffffff\u00bb][et_pb_fullwidth_slider _builder_version=\u00bb4.2.2&#8243;][et_pb_slide heading=\u00bb\u00bfQUIENES SOMOS?\u00bb use_bg_overlay=\u00bbon\u00bb use_text_overlay=\u00bboff\u00bb _builder_version=\u00bb4.2.2&#8243; header_font=\u00bb|800|||||||\u00bb header_font_size=\u00bb60px\u00bb background_image=\u00bbhttp:\/\/addvisorygroup.com\/wp-content\/uploads\/2020\/03\/005.jpg\u00bb background_enable_image=\u00bbon\u00bb parallax=\u00bbon\u00bb header_font_size_tablet=\u00bb\u00bb header_font_size_phone=\u00bb40px\u00bb header_font_size_last_edited=\u00bbon|phone\u00bb][\/et_pb_slide][\/et_pb_fullwidth_slider][\/et_pb_section][et_pb_section fb_built=\u00bb1&#8243; _builder_version=\u00bb4.2.2&#8243; custom_padding=\u00bb||20px|||\u00bb bottom_divider_color=\u00bb#ffffff\u00bb][et_pb_row _builder_version=\u00bb4.2.2&#8243;][et_pb_column type=\u00bb4_4&#8243; _builder_version=\u00bb4.2.2&#8243;][et_pb_image src=\u00bbhttp:\/\/addvisorygroup.com\/wp-content\/uploads\/2020\/01\/logopng300.png\u00bb align=\u00bbcenter\u00bb _builder_version=\u00bb4.2.2&#8243; animation_style=\u00bbfade\u00bb][\/et_pb_image][et_pb_text _builder_version=\u00bb4.2.2&#8243; text_text_color=\u00bb#0088a0&#8243; text_font_size=\u00bb18px\u00bb text_orientation=\u00bbcenter\u00bb animation_style=\u00bbzoom\u00bb] Sin\u00f3nimo de consulting. Sugiere la raz\u00f3n principal de nuestro giro de negocio y de nuestro equipo de trabajo, que [&hellip;]<\/p>\n","protected":false},"author":1,"featured_media":0,"parent":0,"menu_order":0,"comment_status":"closed","ping_status":"closed","template":"","meta":{"_et_pb_use_builder":"on","_et_pb_old_content":"","_et_gb_content_width":""},"_links":{"self":[{"href":"http:\/\/www.addvisorygroup.com\/index.php\/wp-json\/wp\/v2\/pages\/17"}],"collection":[{"href":"http:\/\/www.addvisorygroup.com\/index.php\/wp-json\/wp\/v2\/pages"}],"about":[{"href":"http:\/\/www.addvisorygroup.com\/index.php\/wp-json\/wp\/v2\/types\/page"}],"author":[{"embeddable":true,"href":"http:\/\/www.addvisorygroup.com\/index.php\/wp-json\/wp\/v2\/users\/1"}],"replies":[{"embeddable":true,"href":"http:\/\/www.addvisorygroup.com\/index.php\/wp-json\/wp\/v2\/comments?post=17"}],"version-history":[{"count":20,"href":"http:\/\/www.addvisorygroup.com\/index.php\/wp-json\/wp\/v2\/pages\/17\/revisions"}],"predecessor-version":[{"id":439,"href":"http:\/\/www.addvisorygroup.com\/index.php\/wp-json\/wp\/v2\/pages\/17\/revisions\/439"}],"wp:attachment":[{"href":"http:\/\/www.addvisorygroup.com\/index.php\/wp-json\/wp\/v2\/media?parent=17"}],"curies":[{"name":"wp","href":"https:\/\/api.w.org\/{rel}","templated":true}]}}