{"id":23,"date":"2020-01-31T16:06:06","date_gmt":"2020-01-31T16:06:06","guid":{"rendered":"http:\/\/addvisorygroup.com\/?page_id=23"},"modified":"2020-09-07T15:17:53","modified_gmt":"2020-09-07T15:17:53","slug":"experiencia","status":"publish","type":"page","link":"http:\/\/www.addvisorygroup.com\/index.php\/experiencia\/","title":{"rendered":"EXPERIENCIA"},"content":{"rendered":"<p>[et_pb_section fb_built=\u00bb1&#8243; fullwidth=\u00bbon\u00bb _builder_version=\u00bb4.2.2&#8243; bottom_divider_style=\u00bbramp2&#8243; bottom_divider_color=\u00bb#ffffff\u00bb][et_pb_fullwidth_slider _builder_version=\u00bb4.2.2&#8243;][et_pb_slide _builder_version=\u00bb4.2.2&#8243; background_image=\u00bbhttp:\/\/addvisorygroup.com\/wp-content\/uploads\/2020\/03\/007.jpg\u00bb background_enable_image=\u00bbon\u00bb width=\u00bb100%\u00bb max_width=\u00bb100%\u00bb][\/et_pb_slide][\/et_pb_fullwidth_slider][\/et_pb_section][et_pb_section fb_built=\u00bb1&#8243; _builder_version=\u00bb4.2.2&#8243; custom_padding=\u00bb||48px|||\u00bb bottom_divider_color=\u00bb#cecece\u00bb][et_pb_row _builder_version=\u00bb4.2.2&#8243; custom_margin=\u00bb6px|auto|26px|auto||\u00bb][et_pb_column type=\u00bb4_4&#8243; _builder_version=\u00bb4.2.2&#8243;][et_pb_text _builder_version=\u00bb4.2.2&#8243; text_text_color=\u00bbrgba(0,0,0,0.54)\u00bb text_font_size=\u00bb18px\u00bb text_line_height=\u00bb2.2em\u00bb text_orientation=\u00bbcenter\u00bb custom_margin=\u00bb-50px||||false|false\u00bb custom_padding=\u00bb0px||||false|false\u00bb]<\/p>\n<p>Addvisory GROUP, con m\u00e1s de 18 a\u00f1os en el mercado, y m\u00e1s de 500 proyectos realizados, es una empresa l\u00edder en innovaci\u00f3n empresarial, brindando servicios profesionales distintivos e integrales que mejoran la gesti\u00f3n y permiten que las empresas est\u00e9n a la vanguardia empresarial.<\/p>\n<p>[\/et_pb_text][\/et_pb_column][\/et_pb_row][\/et_pb_section][et_pb_section fb_built=\u00bb1&#8243; prev_background_color=\u00bb#ffffff\u00bb _builder_version=\u00bb4.2.2&#8243; background_color=\u00bbrgba(206,206,206,0.33)\u00bb background_enable_image=\u00bboff\u00bb custom_padding=\u00bb0px|||||\u00bb top_divider_style=\u00bbramp2&#8243; bottom_divider_style=\u00bbramp2&#8243; bottom_divider_color=\u00bb#ffffff\u00bb][et_pb_row column_structure=\u00bb1_2,1_2&#8243; use_custom_gutter=\u00bbon\u00bb gutter_width=\u00bb4&#8243; _builder_version=\u00bb4.2.2&#8243; width=\u00bb100%\u00bb max_width=\u00bb1195px\u00bb custom_padding=\u00bb|53px||||\u00bb][et_pb_column type=\u00bb1_2&#8243; _builder_version=\u00bb4.2.2&#8243;][et_pb_image src=\u00bbhttp:\/\/addvisorygroup.com\/wp-content\/uploads\/2020\/03\/a1.png\u00bb _builder_version=\u00bb4.2.2&#8243; transform_scale=\u00bb141%|141%\u00bb transform_translate=\u00bb-40px|0px\u00bb transform_rotate=\u00bb0deg|0deg|347deg\u00bb][\/et_pb_image][\/et_pb_column][et_pb_column type=\u00bb1_2&#8243; _builder_version=\u00bb4.2.2&#8243;][et_pb_text _builder_version=\u00bb4.2.2&#8243; text_font=\u00bb|300|||||||\u00bb text_text_color=\u00bbrgba(0,0,0,0.62)\u00bb text_font_size=\u00bb22px\u00bb text_line_height=\u00bb1.8em\u00bb custom_margin=\u00bb143px|||||\u00bb custom_padding=\u00bb6px|0px||50px|false|false\u00bb]<\/p>\n<p>Nuestra oferta de soluciones se basa en la aplicaci\u00f3n de metodolog\u00edas de clase mundial, un equipo altamente especializado y la conformaci\u00f3n de alianzas estrat\u00e9gicas con otras empresas de primer nivel internacional, a fin de poner a disposici\u00f3n de nuestros clientes soluciones integrales y de aplicaci\u00f3n probada.<\/p>\n<p>[\/et_pb_text][\/et_pb_column][\/et_pb_row][\/et_pb_section][et_pb_section fb_built=\u00bb1&#8243; _builder_version=\u00bb4.2.2&#8243; background_image=\u00bbhttp:\/\/addvisorygroup.com\/wp-content\/uploads\/2020\/03\/BANNER_A02_Z01.jpg\u00bb width=\u00bb100%\u00bb max_width=\u00bb100%\u00bb custom_padding=\u00bb||47px|||\u00bb top_divider_style=\u00bbramp2&#8243; top_divider_color=\u00bb#ffffff\u00bb][et_pb_row column_structure=\u00bb1_2,1_2&#8243; _builder_version=\u00bb4.2.2&#8243; custom_margin=\u00bb0px||||false|false\u00bb custom_padding=\u00bb73px||||false|false\u00bb][et_pb_column type=\u00bb1_2&#8243; _builder_version=\u00bb4.2.2&#8243;][\/et_pb_column][et_pb_column type=\u00bb1_2&#8243; _builder_version=\u00bb4.2.2&#8243; background_color=\u00bbrgba(255,255,255,0.82)\u00bb border_radii=\u00bbon|20px|20px|20px|20px\u00bb][et_pb_text _builder_version=\u00bb4.2.2&#8243; header_font=\u00bb|800|||||||\u00bb header_text_color=\u00bb#0088a0&#8243; custom_padding=\u00bb63px|||30px|false|false\u00bb]<\/p>\n<h2><span style=\"color: #0088a0;\"><strong>NUESTRO EQUIPO<\/strong><\/span><\/h2>\n<p>[\/et_pb_text][et_pb_text _builder_version=\u00bb4.2.2&#8243; text_font=\u00bb|300|||||||\u00bb text_font_size=\u00bb17px\u00bb text_line_height=\u00bb1.6em\u00bb custom_padding=\u00bb0px|30px||30px|false|false\u00bb]<\/p>\n<p>Tenemos un equipo de trabajo altamente competitivo y din\u00e1mico, capaz de adaptarse a distintas situaciones de acuerdo a las particularidades de cada uno de los clientes con los que trabajamos. Es un equipo cohesionado que est\u00e1 aprendiendo constantemente, manteni\u00e9ndose al tanto de las \u00faltimas tendencias de los rubros con los cuales nos desempe\u00f1amos.<\/p>\n<p>Las competencias que est\u00e1n presentes en nuestra gente en todas nuestras actividades y acciones cotidianas son las siguientes:<\/p>\n<ul>\n<li>Liderazgo<\/li>\n<li>Flexibilidad<\/li>\n<li>Pro actividad<\/li>\n<li>Orientaci\u00f3n al logro<\/li>\n<li>Disposici\u00f3n a aprender<\/li>\n<li>Calidad y mejora continua<\/li>\n<li>Trabajo en Equipo y colaboraci\u00f3n<\/li>\n<\/ul>\n<p>[\/et_pb_text][\/et_pb_column][\/et_pb_row][\/et_pb_section][et_pb_section fb_built=\u00bb1&#8243; _builder_version=\u00bb4.2.2&#8243; background_image=\u00bbhttp:\/\/addvisorygroup.com\/wp-content\/uploads\/2020\/03\/BANER_01_CLIENTES_02.jpg\u00bb animation_style=\u00bbslide\u00bb animation_direction=\u00bbright\u00bb][et_pb_row column_structure=\u00bb2_5,3_5&#8243; _builder_version=\u00bb4.2.2&#8243;][et_pb_column type=\u00bb2_5&#8243; _builder_version=\u00bb4.2.2&#8243; background_color=\u00bbrgba(255,255,255,0.86)\u00bb custom_padding=\u00bb30px|30px|30px|30px|false|false\u00bb animation_style=\u00bbzoom\u00bb border_radii=\u00bbon|10px|10px|10px|10px\u00bb border_width_all=\u00bb1px\u00bb border_color_all=\u00bbrgba(10,0,1,0.2)\u00bb][et_pb_text _builder_version=\u00bb4.2.2&#8243; text_font=\u00bb|700|||||||\u00bb text_text_color=\u00bb#0088a0&#8243; text_font_size=\u00bb30px\u00bb]<\/p>\n<p>NUESTROS CLIENTES<\/p>\n<p>[\/et_pb_text][et_pb_text _builder_version=\u00bb4.2.2&#8243; text_text_color=\u00bbrgba(0,0,0,0.59)\u00bb text_font_size=\u00bb16px\u00bb text_line_height=\u00bb1.6em\u00bb]<\/p>\n<ul>\n<li>Empresas Comerciales y Supermercados.<\/li>\n<li>Empresas Productivas.<\/li>\n<li>Entidades Financieras y Bancarias.<\/li>\n<li>Empresas de Servicios.<\/li>\n<li>Organismos de Cooperaci\u00f3n y ONGs.<\/li>\n<li>Empresas Petroleras y Mineras.<\/li>\n<li>Empresas de Servicios B\u00e1sicos.<\/li>\n<li>Empresas de Telecomunicaciones.<\/li>\n<li>Medios de Comunicaci\u00f3n.<\/li>\n<li>Entidades de Regulaci\u00f3n y Entidades del Sector P\u00fablico.<\/li>\n<li>Empresas de Servicios Profesionales<\/li>\n<\/ul>\n<p>Entre otros rubros<\/p>\n<p>&nbsp;<\/p>\n<p>[\/et_pb_text][\/et_pb_column][et_pb_column type=\u00bb3_5&#8243; _builder_version=\u00bb4.2.2&#8243;][\/et_pb_column][\/et_pb_row][\/et_pb_section]<\/p>\n","protected":false},"excerpt":{"rendered":"<p>[et_pb_section fb_built=\u00bb1&#8243; fullwidth=\u00bbon\u00bb _builder_version=\u00bb4.2.2&#8243; bottom_divider_style=\u00bbramp2&#8243; bottom_divider_color=\u00bb#ffffff\u00bb][et_pb_fullwidth_slider _builder_version=\u00bb4.2.2&#8243;][et_pb_slide _builder_version=\u00bb4.2.2&#8243; background_image=\u00bbhttp:\/\/addvisorygroup.com\/wp-content\/uploads\/2020\/03\/007.jpg\u00bb background_enable_image=\u00bbon\u00bb width=\u00bb100%\u00bb max_width=\u00bb100%\u00bb][\/et_pb_slide][\/et_pb_fullwidth_slider][\/et_pb_section][et_pb_section fb_built=\u00bb1&#8243; _builder_version=\u00bb4.2.2&#8243; custom_padding=\u00bb||48px|||\u00bb bottom_divider_color=\u00bb#cecece\u00bb][et_pb_row _builder_version=\u00bb4.2.2&#8243; custom_margin=\u00bb6px|auto|26px|auto||\u00bb][et_pb_column type=\u00bb4_4&#8243; _builder_version=\u00bb4.2.2&#8243;][et_pb_text _builder_version=\u00bb4.2.2&#8243; text_text_color=\u00bbrgba(0,0,0,0.54)\u00bb text_font_size=\u00bb18px\u00bb text_line_height=\u00bb2.2em\u00bb text_orientation=\u00bbcenter\u00bb custom_margin=\u00bb-50px||||false|false\u00bb custom_padding=\u00bb0px||||false|false\u00bb] Addvisory GROUP, con m\u00e1s de 18 a\u00f1os en el mercado, y m\u00e1s de 500 proyectos realizados, es una empresa l\u00edder en innovaci\u00f3n empresarial, brindando servicios profesionales distintivos e [&hellip;]<\/p>\n","protected":false},"author":1,"featured_media":0,"parent":0,"menu_order":0,"comment_status":"closed","ping_status":"closed","template":"","meta":{"_et_pb_use_builder":"on","_et_pb_old_content":"","_et_gb_content_width":""},"_links":{"self":[{"href":"http:\/\/www.addvisorygroup.com\/index.php\/wp-json\/wp\/v2\/pages\/23"}],"collection":[{"href":"http:\/\/www.addvisorygroup.com\/index.php\/wp-json\/wp\/v2\/pages"}],"about":[{"href":"http:\/\/www.addvisorygroup.com\/index.php\/wp-json\/wp\/v2\/types\/page"}],"author":[{"embeddable":true,"href":"http:\/\/www.addvisorygroup.com\/index.php\/wp-json\/wp\/v2\/users\/1"}],"replies":[{"embeddable":true,"href":"http:\/\/www.addvisorygroup.com\/index.php\/wp-json\/wp\/v2\/comments?post=23"}],"version-history":[{"count":19,"href":"http:\/\/www.addvisorygroup.com\/index.php\/wp-json\/wp\/v2\/pages\/23\/revisions"}],"predecessor-version":[{"id":457,"href":"http:\/\/www.addvisorygroup.com\/index.php\/wp-json\/wp\/v2\/pages\/23\/revisions\/457"}],"wp:attachment":[{"href":"http:\/\/www.addvisorygroup.com\/index.php\/wp-json\/wp\/v2\/media?parent=23"}],"curies":[{"name":"wp","href":"https:\/\/api.w.org\/{rel}","templated":true}]}}