{"id":25,"date":"2020-01-31T16:06:23","date_gmt":"2020-01-31T16:06:23","guid":{"rendered":"http:\/\/addvisorygroup.com\/?page_id=25"},"modified":"2020-09-07T15:21:56","modified_gmt":"2020-09-07T15:21:56","slug":"alianzas","status":"publish","type":"page","link":"http:\/\/www.addvisorygroup.com\/index.php\/alianzas\/","title":{"rendered":"ALIANZAS"},"content":{"rendered":"<p>[et_pb_section fb_built=\u00bb1&#8243; fullwidth=\u00bbon\u00bb _builder_version=\u00bb4.2.2&#8243;][et_pb_fullwidth_image src=\u00bbhttp:\/\/addvisorygroup.com\/wp-content\/uploads\/2020\/03\/BANNER_A02_02.jpg\u00bb _builder_version=\u00bb4.2.2&#8243;][\/et_pb_fullwidth_image][\/et_pb_section][et_pb_section fb_built=\u00bb1&#8243; _builder_version=\u00bb4.2.2&#8243; background_image=\u00bbhttp:\/\/addvisorygroup.com\/wp-content\/uploads\/2020\/03\/BANER_01_CLIENTES_03.jpg\u00bb][et_pb_row column_structure=\u00bb2_5,3_5&#8243; _builder_version=\u00bb4.2.2&#8243; animation_style=\u00bbslide\u00bb animation_direction=\u00bbleft\u00bb][et_pb_column type=\u00bb2_5&#8243; _builder_version=\u00bb4.2.2&#8243; background_color=\u00bbrgba(255,255,255,0.8)\u00bb custom_padding=\u00bb30px|30px|30px|30px|false|false\u00bb border_radii=\u00bbon|10px|10px|10px|10px\u00bb border_width_all=\u00bb1px\u00bb border_color_all=\u00bbrgba(10,0,1,0.2)\u00bb][et_pb_text _builder_version=\u00bb4.2.2&#8243; text_font=\u00bb|700|||||||\u00bb text_text_color=\u00bb#0088a0&#8243; text_font_size=\u00bb30px\u00bb text_line_height=\u00bb1em\u00bb]<\/p>\n<p>ALIANZAS ESTRAT\u00c9GICAS<\/p>\n<p>[\/et_pb_text][et_pb_text _builder_version=\u00bb4.2.2&#8243; text_text_color=\u00bbrgba(0,0,0,0.6)\u00bb]<\/p>\n<p style=\"text-align: justify;\">Contamos con alianzas con empresas estrat\u00e9gicas en diversas regiones de Latinoam\u00e9rica, las cuales nos permiten ofrecer una amplia gama de servicios, as\u00ed como certificaciones internacionales avaladas por centros de excelencia reconocidos.<\/p>\n<p style=\"text-align: justify;\">Dentro de nuestros principales aliados se encuentran:<\/p>\n<ul>\n<li style=\"text-align: justify;\">\u00a0CHANGE AMERICAS (Colombia)<\/li>\n<li style=\"text-align: justify;\">TRANSFORME CONSULTORES (Chile)<\/li>\n<li style=\"text-align: justify;\">EBITDA GROUP (Ecuador)<\/li>\n<\/ul>\n<p>&nbsp;<\/p>\n<p>&nbsp;<\/p>\n<p>&nbsp;<\/p>\n<p>[\/et_pb_text][\/et_pb_column][et_pb_column type=\u00bb3_5&#8243; _builder_version=\u00bb4.2.2&#8243;][\/et_pb_column][\/et_pb_row][\/et_pb_section]<\/p>\n","protected":false},"excerpt":{"rendered":"<p>[et_pb_section fb_built=\u00bb1&#8243; fullwidth=\u00bbon\u00bb _builder_version=\u00bb4.2.2&#8243;][et_pb_fullwidth_image src=\u00bbhttp:\/\/addvisorygroup.com\/wp-content\/uploads\/2020\/03\/BANNER_A02_02.jpg\u00bb _builder_version=\u00bb4.2.2&#8243;][\/et_pb_fullwidth_image][\/et_pb_section][et_pb_section fb_built=\u00bb1&#8243; _builder_version=\u00bb4.2.2&#8243; background_image=\u00bbhttp:\/\/addvisorygroup.com\/wp-content\/uploads\/2020\/03\/BANER_01_CLIENTES_03.jpg\u00bb][et_pb_row column_structure=\u00bb2_5,3_5&#8243; _builder_version=\u00bb4.2.2&#8243; animation_style=\u00bbslide\u00bb animation_direction=\u00bbleft\u00bb][et_pb_column type=\u00bb2_5&#8243; _builder_version=\u00bb4.2.2&#8243; background_color=\u00bbrgba(255,255,255,0.8)\u00bb custom_padding=\u00bb30px|30px|30px|30px|false|false\u00bb border_radii=\u00bbon|10px|10px|10px|10px\u00bb border_width_all=\u00bb1px\u00bb border_color_all=\u00bbrgba(10,0,1,0.2)\u00bb][et_pb_text _builder_version=\u00bb4.2.2&#8243; text_font=\u00bb|700|||||||\u00bb text_text_color=\u00bb#0088a0&#8243; text_font_size=\u00bb30px\u00bb text_line_height=\u00bb1em\u00bb] ALIANZAS ESTRAT\u00c9GICAS [\/et_pb_text][et_pb_text _builder_version=\u00bb4.2.2&#8243; text_text_color=\u00bbrgba(0,0,0,0.6)\u00bb] Contamos con alianzas con empresas estrat\u00e9gicas en diversas regiones de Latinoam\u00e9rica, las cuales nos permiten ofrecer una amplia gama de servicios, as\u00ed como certificaciones internacionales [&hellip;]<\/p>\n","protected":false},"author":1,"featured_media":0,"parent":0,"menu_order":0,"comment_status":"closed","ping_status":"closed","template":"","meta":{"_et_pb_use_builder":"on","_et_pb_old_content":"","_et_gb_content_width":""},"_links":{"self":[{"href":"http:\/\/www.addvisorygroup.com\/index.php\/wp-json\/wp\/v2\/pages\/25"}],"collection":[{"href":"http:\/\/www.addvisorygroup.com\/index.php\/wp-json\/wp\/v2\/pages"}],"about":[{"href":"http:\/\/www.addvisorygroup.com\/index.php\/wp-json\/wp\/v2\/types\/page"}],"author":[{"embeddable":true,"href":"http:\/\/www.addvisorygroup.com\/index.php\/wp-json\/wp\/v2\/users\/1"}],"replies":[{"embeddable":true,"href":"http:\/\/www.addvisorygroup.com\/index.php\/wp-json\/wp\/v2\/comments?post=25"}],"version-history":[{"count":5,"href":"http:\/\/www.addvisorygroup.com\/index.php\/wp-json\/wp\/v2\/pages\/25\/revisions"}],"predecessor-version":[{"id":459,"href":"http:\/\/www.addvisorygroup.com\/index.php\/wp-json\/wp\/v2\/pages\/25\/revisions\/459"}],"wp:attachment":[{"href":"http:\/\/www.addvisorygroup.com\/index.php\/wp-json\/wp\/v2\/media?parent=25"}],"curies":[{"name":"wp","href":"https:\/\/api.w.org\/{rel}","templated":true}]}}