{"id":37,"date":"2020-01-31T16:42:40","date_gmt":"2020-01-31T16:42:40","guid":{"rendered":"http:\/\/addvisorygroup.com\/?page_id=37"},"modified":"2020-09-07T15:03:09","modified_gmt":"2020-09-07T15:03:09","slug":"innovacion-estrategica","status":"publish","type":"page","link":"http:\/\/www.addvisorygroup.com\/index.php\/innovacion-estrategica\/","title":{"rendered":"INNOVACI\u00d3N ESTRAT\u00c9GICA"},"content":{"rendered":"<p>[et_pb_section fb_built=\u00bb1&#8243; fullwidth=\u00bbon\u00bb _builder_version=\u00bb4.2.2&#8243;][et_pb_fullwidth_image src=\u00bbhttp:\/\/addvisorygroup.com\/wp-content\/uploads\/2020\/03\/BANNER_A03.jpg\u00bb _builder_version=\u00bb4.2.2&#8243;][\/et_pb_fullwidth_image][\/et_pb_section][et_pb_section fb_built=\u00bb1&#8243; _builder_version=\u00bb4.2.2&#8243; background_image=\u00bbhttp:\/\/addvisorygroup.com\/wp-content\/uploads\/2020\/03\/a00x1_04.jpg\u00bb][et_pb_row column_structure=\u00bb1_3,2_3&#8243; use_custom_gutter=\u00bbon\u00bb _builder_version=\u00bb4.2.2&#8243; width=\u00bb100%\u00bb max_width=\u00bb1182px\u00bb][et_pb_column type=\u00bb1_3&#8243; _builder_version=\u00bb4.2.2&#8243;][et_pb_text _builder_version=\u00bb4.2.2&#8243; text_text_color=\u00bbrgba(0,0,0,0.5)\u00bb text_font_size=\u00bb18px\u00bb header_font=\u00bb|700|||||||\u00bb header_text_color=\u00bb#0088a0&#8243; custom_margin=\u00bb100px||||false|false\u00bb animation_style=\u00bbzoom\u00bb][\/et_pb_text][\/et_pb_column][et_pb_column type=\u00bb2_3&#8243; _builder_version=\u00bb4.2.2&#8243;][et_pb_text _builder_version=\u00bb4.2.2&#8243; text_font=\u00bb|700|||||||\u00bb text_text_color=\u00bb#ffffff\u00bb text_font_size=\u00bb24px\u00bb text_line_height=\u00bb1.2em\u00bb background_color=\u00bbrgba(10,0,1,0.2)\u00bb custom_margin=\u00bb0px|0px||-150px|false|false\u00bb custom_padding=\u00bb10px|20px|10px|20px|false|false\u00bb animation_style=\u00bbslide\u00bb animation_direction=\u00bbleft\u00bb border_radii=\u00bbon|10px|10px|10px|10px\u00bb]<\/p>\n<p><span>DISE\u00d1O ESTRAT\u00c9GICO CON INNOVACI\u00d3N EMPRESARIAL<\/span><\/p>\n<p>[\/et_pb_text][et_pb_image src=\u00bbhttp:\/\/addvisorygroup.com\/wp-content\/uploads\/2020\/03\/bann002_06.png\u00bb _builder_version=\u00bb4.2.2&#8243; animation_style=\u00bbslide\u00bb animation_direction=\u00bbright\u00bb][\/et_pb_image][\/et_pb_column][\/et_pb_row][\/et_pb_section][et_pb_section fb_built=\u00bb1&#8243; _builder_version=\u00bb4.2.2&#8243; background_image=\u00bbhttp:\/\/addvisorygroup.com\/wp-content\/uploads\/2020\/03\/a00x1_04.jpg\u00bb][et_pb_row column_structure=\u00bb2_3,1_3&#8243; use_custom_gutter=\u00bbon\u00bb _builder_version=\u00bb4.2.2&#8243; width=\u00bb100%\u00bb max_width=\u00bb1182px\u00bb][et_pb_column type=\u00bb2_3&#8243; _builder_version=\u00bb4.2.2&#8243;][et_pb_text _builder_version=\u00bb4.2.2&#8243; text_font=\u00bb|700|||||||\u00bb text_text_color=\u00bb#ffffff\u00bb text_font_size=\u00bb24px\u00bb text_line_height=\u00bb1.2em\u00bb header_font=\u00bb|700|||||||\u00bb header_text_color=\u00bb#ffffff\u00bb background_color=\u00bbrgba(10,0,1,0.2)\u00bb custom_margin=\u00bb0px||||false|false\u00bb custom_padding=\u00bb10px|20px|10px|20px|false|false\u00bb animation_style=\u00bbslide\u00bb animation_direction=\u00bbright\u00bb border_radii=\u00bbon|10px|10px|10px|10px\u00bb]<\/p>\n<p><span>INNOVATION MANAGEMENT OFFICE (IMO)<\/span><\/p>\n<p>[\/et_pb_text][et_pb_image src=\u00bbhttp:\/\/addvisorygroup.com\/wp-content\/uploads\/2020\/03\/bann002_07.png\u00bb _builder_version=\u00bb4.2.2&#8243; animation_style=\u00bbfade\u00bb][\/et_pb_image][\/et_pb_column][et_pb_column type=\u00bb1_3&#8243; _builder_version=\u00bb4.2.2&#8243;][et_pb_text _builder_version=\u00bb4.2.2&#8243; text_text_color=\u00bbrgba(0,0,0,0.5)\u00bb text_font_size=\u00bb18px\u00bb header_font=\u00bb|700|||||||\u00bb header_text_color=\u00bb#0088a0&#8243; custom_margin=\u00bb100px||||false|false\u00bb animation_style=\u00bbzoom\u00bb][\/et_pb_text][\/et_pb_column][\/et_pb_row][\/et_pb_section][et_pb_section fb_built=\u00bb1&#8243; _builder_version=\u00bb4.2.2&#8243; background_image=\u00bbhttp:\/\/addvisorygroup.com\/wp-content\/uploads\/2020\/03\/a00x1_04.jpg\u00bb][et_pb_row column_structure=\u00bb1_3,2_3&#8243; use_custom_gutter=\u00bbon\u00bb _builder_version=\u00bb4.2.2&#8243; width=\u00bb100%\u00bb max_width=\u00bb1182px\u00bb][et_pb_column type=\u00bb1_3&#8243; _builder_version=\u00bb4.2.2&#8243;][et_pb_text _builder_version=\u00bb4.2.2&#8243; text_text_color=\u00bbrgba(0,0,0,0.5)\u00bb text_font_size=\u00bb18px\u00bb header_font=\u00bb|700|||||||\u00bb header_text_color=\u00bb#0088a0&#8243; custom_margin=\u00bb100px||||false|false\u00bb animation_style=\u00bbzoom\u00bb custom_padding=\u00bb||10px|||\u00bb][\/et_pb_text][\/et_pb_column][et_pb_column type=\u00bb2_3&#8243; _builder_version=\u00bb4.2.2&#8243;][et_pb_text _builder_version=\u00bb4.2.2&#8243; text_font=\u00bb|700|||||||\u00bb text_text_color=\u00bb#ffffff\u00bb text_font_size=\u00bb24px\u00bb text_line_height=\u00bb1.2em\u00bb background_color=\u00bbrgba(10,0,1,0.2)\u00bb custom_margin=\u00bb0px|0px||-150px|false|false\u00bb custom_padding=\u00bb10px|20px|10px|20px|false|false\u00bb animation_style=\u00bbslide\u00bb animation_direction=\u00bbleft\u00bb border_radii=\u00bbon|10px|10px|10px|10px\u00bb]<\/p>\n<p><span>INNOVATION DAY<\/span><\/p>\n<p>[\/et_pb_text][et_pb_image src=\u00bbhttp:\/\/addvisorygroup.com\/wp-content\/uploads\/2020\/03\/bann002_08.png\u00bb _builder_version=\u00bb4.2.2&#8243; animation_style=\u00bbslide\u00bb animation_direction=\u00bbright\u00bb][\/et_pb_image][\/et_pb_column][\/et_pb_row][\/et_pb_section][et_pb_section fb_built=\u00bb1&#8243; _builder_version=\u00bb4.2.2&#8243; background_image=\u00bbhttp:\/\/addvisorygroup.com\/wp-content\/uploads\/2020\/03\/a00x1_04.jpg\u00bb][et_pb_row column_structure=\u00bb2_3,1_3&#8243; use_custom_gutter=\u00bbon\u00bb _builder_version=\u00bb4.2.2&#8243; width=\u00bb100%\u00bb max_width=\u00bb1182px\u00bb][et_pb_column type=\u00bb2_3&#8243; _builder_version=\u00bb4.2.2&#8243;][et_pb_text _builder_version=\u00bb4.2.2&#8243; text_font=\u00bb|700|||||||\u00bb text_text_color=\u00bb#ffffff\u00bb text_font_size=\u00bb24px\u00bb text_line_height=\u00bb1.2em\u00bb header_font=\u00bb|700|||||||\u00bb header_text_color=\u00bb#ffffff\u00bb background_color=\u00bbrgba(10,0,1,0.2)\u00bb custom_margin=\u00bb0px||||false|false\u00bb custom_padding=\u00bb10px|20px|10px|20px|false|false\u00bb animation_style=\u00bbslide\u00bb animation_direction=\u00bbright\u00bb border_radii=\u00bbon|10px|10px|10px|10px\u00bb]<\/p>\n<p><span>TRANSFORMACI\u00d3N DIGITAL EXPONENCIAL<\/span><\/p>\n<p>[\/et_pb_text][et_pb_image src=\u00bbhttp:\/\/addvisorygroup.com\/wp-content\/uploads\/2020\/03\/bann002_09.png\u00bb _builder_version=\u00bb4.2.2&#8243; animation_style=\u00bbfade\u00bb][\/et_pb_image][\/et_pb_column][et_pb_column type=\u00bb1_3&#8243; _builder_version=\u00bb4.2.2&#8243;][et_pb_text _builder_version=\u00bb4.2.2&#8243; text_text_color=\u00bbrgba(0,0,0,0.5)\u00bb text_font_size=\u00bb18px\u00bb header_font=\u00bb|700|||||||\u00bb header_text_color=\u00bb#0088a0&#8243; custom_margin=\u00bb100px||||false|false\u00bb animation_style=\u00bbzoom\u00bb][\/et_pb_text][\/et_pb_column][\/et_pb_row][\/et_pb_section]<\/p>\n","protected":false},"excerpt":{"rendered":"<p>[et_pb_section fb_built=\u00bb1&#8243; fullwidth=\u00bbon\u00bb _builder_version=\u00bb4.2.2&#8243;][et_pb_fullwidth_image src=\u00bbhttp:\/\/addvisorygroup.com\/wp-content\/uploads\/2020\/03\/BANNER_A03.jpg\u00bb _builder_version=\u00bb4.2.2&#8243;][\/et_pb_fullwidth_image][\/et_pb_section][et_pb_section fb_built=\u00bb1&#8243; _builder_version=\u00bb4.2.2&#8243; background_image=\u00bbhttp:\/\/addvisorygroup.com\/wp-content\/uploads\/2020\/03\/a00x1_04.jpg\u00bb][et_pb_row column_structure=\u00bb1_3,2_3&#8243; use_custom_gutter=\u00bbon\u00bb _builder_version=\u00bb4.2.2&#8243; width=\u00bb100%\u00bb max_width=\u00bb1182px\u00bb][et_pb_column type=\u00bb1_3&#8243; _builder_version=\u00bb4.2.2&#8243;][et_pb_text _builder_version=\u00bb4.2.2&#8243; text_text_color=\u00bbrgba(0,0,0,0.5)\u00bb text_font_size=\u00bb18px\u00bb header_font=\u00bb|700|||||||\u00bb header_text_color=\u00bb#0088a0&#8243; custom_margin=\u00bb100px||||false|false\u00bb animation_style=\u00bbzoom\u00bb][\/et_pb_text][\/et_pb_column][et_pb_column type=\u00bb2_3&#8243; _builder_version=\u00bb4.2.2&#8243;][et_pb_text _builder_version=\u00bb4.2.2&#8243; text_font=\u00bb|700|||||||\u00bb text_text_color=\u00bb#ffffff\u00bb text_font_size=\u00bb24px\u00bb text_line_height=\u00bb1.2em\u00bb background_color=\u00bbrgba(10,0,1,0.2)\u00bb custom_margin=\u00bb0px|0px||-150px|false|false\u00bb custom_padding=\u00bb10px|20px|10px|20px|false|false\u00bb animation_style=\u00bbslide\u00bb animation_direction=\u00bbleft\u00bb border_radii=\u00bbon|10px|10px|10px|10px\u00bb] DISE\u00d1O ESTRAT\u00c9GICO CON INNOVACI\u00d3N EMPRESARIAL [\/et_pb_text][et_pb_image src=\u00bbhttp:\/\/addvisorygroup.com\/wp-content\/uploads\/2020\/03\/bann002_06.png\u00bb _builder_version=\u00bb4.2.2&#8243; animation_style=\u00bbslide\u00bb animation_direction=\u00bbright\u00bb][\/et_pb_image][\/et_pb_column][\/et_pb_row][\/et_pb_section][et_pb_section fb_built=\u00bb1&#8243; _builder_version=\u00bb4.2.2&#8243; background_image=\u00bbhttp:\/\/addvisorygroup.com\/wp-content\/uploads\/2020\/03\/a00x1_04.jpg\u00bb][et_pb_row column_structure=\u00bb2_3,1_3&#8243; use_custom_gutter=\u00bbon\u00bb _builder_version=\u00bb4.2.2&#8243; width=\u00bb100%\u00bb max_width=\u00bb1182px\u00bb][et_pb_column type=\u00bb2_3&#8243; [&hellip;]<\/p>\n","protected":false},"author":1,"featured_media":0,"parent":0,"menu_order":0,"comment_status":"closed","ping_status":"closed","template":"","meta":{"_et_pb_use_builder":"on","_et_pb_old_content":"","_et_gb_content_width":""},"_links":{"self":[{"href":"http:\/\/www.addvisorygroup.com\/index.php\/wp-json\/wp\/v2\/pages\/37"}],"collection":[{"href":"http:\/\/www.addvisorygroup.com\/index.php\/wp-json\/wp\/v2\/pages"}],"about":[{"href":"http:\/\/www.addvisorygroup.com\/index.php\/wp-json\/wp\/v2\/types\/page"}],"author":[{"embeddable":true,"href":"http:\/\/www.addvisorygroup.com\/index.php\/wp-json\/wp\/v2\/users\/1"}],"replies":[{"embeddable":true,"href":"http:\/\/www.addvisorygroup.com\/index.php\/wp-json\/wp\/v2\/comments?post=37"}],"version-history":[{"count":8,"href":"http:\/\/www.addvisorygroup.com\/index.php\/wp-json\/wp\/v2\/pages\/37\/revisions"}],"predecessor-version":[{"id":447,"href":"http:\/\/www.addvisorygroup.com\/index.php\/wp-json\/wp\/v2\/pages\/37\/revisions\/447"}],"wp:attachment":[{"href":"http:\/\/www.addvisorygroup.com\/index.php\/wp-json\/wp\/v2\/media?parent=37"}],"curies":[{"name":"wp","href":"https:\/\/api.w.org\/{rel}","templated":true}]}}