{"id":39,"date":"2020-01-31T16:43:51","date_gmt":"2020-01-31T16:43:51","guid":{"rendered":"http:\/\/addvisorygroup.com\/?page_id=39"},"modified":"2020-09-07T15:10:27","modified_gmt":"2020-09-07T15:10:27","slug":"certificaciones-internacionales","status":"publish","type":"page","link":"http:\/\/www.addvisorygroup.com\/index.php\/certificaciones-internacionales\/","title":{"rendered":"CERTIFICACIONES INTERNACIONALES"},"content":{"rendered":"<p>[et_pb_section fb_built=\u00bb1&#8243; fullwidth=\u00bbon\u00bb _builder_version=\u00bb4.2.2&#8243;][et_pb_fullwidth_image src=\u00bbhttp:\/\/addvisorygroup.com\/wp-content\/uploads\/2020\/03\/BANNER_A04.jpg\u00bb _builder_version=\u00bb4.2.2&#8243;][\/et_pb_fullwidth_image][\/et_pb_section][et_pb_section fb_built=\u00bb1&#8243; _builder_version=\u00bb4.2.2&#8243; background_enable_image=\u00bboff\u00bb][et_pb_row column_structure=\u00bb1_3,2_3&#8243; use_custom_gutter=\u00bbon\u00bb _builder_version=\u00bb4.2.2&#8243; width=\u00bb100%\u00bb max_width=\u00bb1182px\u00bb][et_pb_column type=\u00bb1_3&#8243; _builder_version=\u00bb4.2.2&#8243;][et_pb_text _builder_version=\u00bb4.2.2&#8243; text_text_color=\u00bbrgba(0,0,0,0.5)\u00bb text_font_size=\u00bb18px\u00bb header_font=\u00bb|700|||||||\u00bb header_text_color=\u00bb#0088a0&#8243; custom_margin=\u00bb100px||||false|false\u00bb animation_style=\u00bbzoom\u00bb]<\/p>\n<p style=\"text-align: justify;\"><em><span>Dise\u00f1ada para formar a los participantes en modelos, m\u00e9todo y herramientas para gestionar el cambio en su organizaci\u00f3n, as\u00ed como adquirir habilidades para facilitar cualquier cambio organizacional.<\/span><\/em><\/p>\n<p style=\"text-align: justify;\"><em>Dentro de esta certificaci\u00f3n junto a Change Americas, los participantes conocer\u00e1n los fundamentos te\u00f3ricos y mejores pr\u00e1cticas de cambio desde la perspectiva de distintos autores y referentes mundiales, brindando una visi\u00f3n amplia del tema. La metodolog\u00eda que se sustenta en cinco (5) pilares: Estrategia e Indicadores, Comunicaciones, Impactos, Movilizaci\u00f3n, Aprendizaje y Sostenibilidad, a trav\u00e9s de los cuales logramos que los cambios ocurran.<\/em><\/p>\n<p>[\/et_pb_text][\/et_pb_column][et_pb_column type=\u00bb2_3&#8243; _builder_version=\u00bb4.2.2&#8243;][et_pb_text _builder_version=\u00bb4.2.2&#8243; text_font=\u00bb|700|||||||\u00bb text_text_color=\u00bb#ffffff\u00bb text_font_size=\u00bb24px\u00bb text_line_height=\u00bb1.2em\u00bb background_color=\u00bbrgba(10,0,1,0.2)\u00bb custom_margin=\u00bb0px||||false|false\u00bb custom_padding=\u00bb10px|20px|10px|20px|false|false\u00bb animation_style=\u00bbslide\u00bb animation_direction=\u00bbleft\u00bb border_radii=\u00bbon|10px|10px|10px|10px\u00bb]<\/p>\n<p><span>GESTI\u00d3N DEL CAMBIO<\/span><\/p>\n<p>[\/et_pb_text][et_pb_image src=\u00bbhttp:\/\/addvisorygroup.com\/wp-content\/uploads\/2020\/03\/bann002_09.png\u00bb _builder_version=\u00bb4.2.2&#8243; animation_style=\u00bbslide\u00bb animation_direction=\u00bbright\u00bb][\/et_pb_image][\/et_pb_column][\/et_pb_row][\/et_pb_section][et_pb_section fb_built=\u00bb1&#8243; _builder_version=\u00bb4.2.2&#8243; background_enable_image=\u00bboff\u00bb][et_pb_row column_structure=\u00bb2_3,1_3&#8243; use_custom_gutter=\u00bbon\u00bb _builder_version=\u00bb4.2.2&#8243; width=\u00bb100%\u00bb max_width=\u00bb1182px\u00bb][et_pb_column type=\u00bb2_3&#8243; _builder_version=\u00bb4.2.2&#8243;][et_pb_text _builder_version=\u00bb4.2.2&#8243; text_font=\u00bb|700|||||||\u00bb text_text_color=\u00bb#ffffff\u00bb text_font_size=\u00bb24px\u00bb text_line_height=\u00bb1.2em\u00bb header_font=\u00bb|700|||||||\u00bb header_text_color=\u00bb#ffffff\u00bb background_color=\u00bbrgba(10,0,1,0.2)\u00bb custom_margin=\u00bb0px||||false|false\u00bb custom_padding=\u00bb10px|20px|10px|20px|false|false\u00bb animation_style=\u00bbslide\u00bb animation_direction=\u00bbright\u00bb border_radii=\u00bbon|10px|10px|10px|10px\u00bb]<\/p>\n<p><span>TRANSFORMACI\u00d3N CULTURAL<\/span><\/p>\n<p>[\/et_pb_text][et_pb_image src=\u00bbhttp:\/\/addvisorygroup.com\/wp-content\/uploads\/2020\/03\/bann002_08.png\u00bb _builder_version=\u00bb4.2.2&#8243; animation_style=\u00bbfade\u00bb][\/et_pb_image][\/et_pb_column][et_pb_column type=\u00bb1_3&#8243; _builder_version=\u00bb4.2.2&#8243;][et_pb_text _builder_version=\u00bb4.2.2&#8243; text_text_color=\u00bbrgba(0,0,0,0.5)\u00bb text_font_size=\u00bb18px\u00bb header_font=\u00bb|700|||||||\u00bb header_text_color=\u00bb#0088a0&#8243; custom_margin=\u00bb100px||||false|false\u00bb animation_style=\u00bbzoom\u00bb]<\/p>\n<p>&nbsp;<\/p>\n<ul>\n<li style=\"text-align: justify;\"><span><b>Acelere\u00a0<\/b>el cambio de conductas de las personas, logrando resultados en el corto plazo.<\/span><\/li>\n<li style=\"text-align: justify;\"><span>Gestione\u00a0<b>integralmente<\/b>\u00a0la cultura no solo desde la conducta sino desde la tecnolog\u00eda, los procesos y la estructura.<\/span><\/li>\n<li style=\"text-align: justify;\"><span><b>Mida en tiempo real\u00a0<\/b>el avance y aporte de gestionar la cultura al resultado de negocio.<\/span><\/li>\n<li style=\"text-align: justify;\"><span>Conozca las\u00a0<b>mejores pr\u00e1cticas\u00a0<\/b>para transformar la cultura a trav\u00e9s de expertos y comunidad colaborativa.<\/span><\/li>\n<\/ul>\n<p>[\/et_pb_text][\/et_pb_column][\/et_pb_row][\/et_pb_section][et_pb_section fb_built=\u00bb1&#8243; _builder_version=\u00bb4.2.2&#8243; background_enable_image=\u00bboff\u00bb][et_pb_row column_structure=\u00bb2_3,1_3&#8243; use_custom_gutter=\u00bbon\u00bb _builder_version=\u00bb4.2.2&#8243; width=\u00bb100%\u00bb max_width=\u00bb1182px\u00bb][et_pb_column type=\u00bb2_3&#8243; _builder_version=\u00bb4.2.2&#8243;][et_pb_text _builder_version=\u00bb4.2.2&#8243; text_font=\u00bb|700|||||||\u00bb text_text_color=\u00bb#ffffff\u00bb text_font_size=\u00bb24px\u00bb text_line_height=\u00bb1.2em\u00bb header_font=\u00bb|700|||||||\u00bb header_text_color=\u00bb#ffffff\u00bb background_color=\u00bbrgba(10,0,1,0.2)\u00bb custom_margin=\u00bb0px||||false|false\u00bb custom_padding=\u00bb10px|20px|10px|20px|false|false\u00bb animation_style=\u00bbslide\u00bb animation_direction=\u00bbright\u00bb border_radii=\u00bbon|10px|10px|10px|10px\u00bb]<\/p>\n<p><span>DESARROLLO ORGANIZACIONAL<\/span><\/p>\n<p>[\/et_pb_text][et_pb_image src=\u00bbhttp:\/\/addvisorygroup.com\/wp-content\/uploads\/2020\/03\/bann002_08.png\u00bb _builder_version=\u00bb4.2.2&#8243; animation_style=\u00bbfade\u00bb][\/et_pb_image][\/et_pb_column][et_pb_column type=\u00bb1_3&#8243; _builder_version=\u00bb4.2.2&#8243;][et_pb_text _builder_version=\u00bb4.2.2&#8243; text_text_color=\u00bbrgba(0,0,0,0.5)\u00bb text_font_size=\u00bb18px\u00bb header_font=\u00bb|700|||||||\u00bb header_text_color=\u00bb#0088a0&#8243; custom_margin=\u00bb100px||||false|false\u00bb animation_style=\u00bbzoom\u00bb]<\/p>\n<p style=\"text-align: justify;\"><span>Certificaci\u00f3n junto a Change Americas, dise\u00f1ada para que el participante tenga una visi\u00f3n global del entorno del Desarrollo Organizacional y pueda tomar los modelos y herramientas para construir una estrategia coherente a la realidad y necesidades de la organizaci\u00f3n en la cual se desempe\u00f1a.<\/span><\/p>\n<p style=\"text-align: justify;\"><span>Entrega a los participantes las estrategias, la metodolog\u00eda y la caja de herramientas de \u00faltima generaci\u00f3n para movilizar las conductas de todos los colaboradores hacia la consecuci\u00f3n de los objetivos corporativos<\/span><\/p>\n<p>[\/et_pb_text][\/et_pb_column][\/et_pb_row][\/et_pb_section][et_pb_section fb_built=\u00bb1&#8243; _builder_version=\u00bb4.2.2&#8243; background_enable_image=\u00bboff\u00bb][et_pb_row column_structure=\u00bb1_3,2_3&#8243; use_custom_gutter=\u00bbon\u00bb _builder_version=\u00bb4.2.2&#8243; width=\u00bb100%\u00bb max_width=\u00bb1182px\u00bb][et_pb_column type=\u00bb1_3&#8243; _builder_version=\u00bb4.2.2&#8243;][et_pb_text _builder_version=\u00bb4.2.2&#8243; text_text_color=\u00bbrgba(0,0,0,0.5)\u00bb text_font_size=\u00bb18px\u00bb header_font=\u00bb|700|||||||\u00bb header_text_color=\u00bb#0088a0&#8243; custom_margin=\u00bb100px||||false|false\u00bb animation_style=\u00bbzoom\u00bb]<\/p>\n<p style=\"text-align: justify;\"><em><span>La Certificaci\u00f3n internacional en Agilidad Organizacional est\u00e1 dise\u00f1ada como una experiencia de entrenamiento altamente pr\u00e1ctico en el modelo de Agilidad Organizacional junto a Change Americas, para aprender conocimientos, herramientas y mejores pr\u00e1cticas que impulsen la mentalidad y las formas de trabajo \u00e1giles que requieren actualmente las organizaciones en sus desaf\u00edos. <\/span><\/em><span> y otros stakeholders<\/span><\/p>\n<p>[\/et_pb_text][\/et_pb_column][et_pb_column type=\u00bb2_3&#8243; _builder_version=\u00bb4.2.2&#8243;][et_pb_text _builder_version=\u00bb4.2.2&#8243; text_font=\u00bb|700|||||||\u00bb text_text_color=\u00bb#ffffff\u00bb text_font_size=\u00bb24px\u00bb text_line_height=\u00bb1.2em\u00bb background_color=\u00bbrgba(10,0,1,0.2)\u00bb custom_margin=\u00bb0px||||false|false\u00bb custom_padding=\u00bb10px|20px|10px|20px|false|false\u00bb animation_style=\u00bbslide\u00bb animation_direction=\u00bbleft\u00bb border_radii=\u00bbon|10px|10px|10px|10px\u00bb]<\/p>\n<p><span>AGILIDAD ORGANIZACIONAL<\/span><\/p>\n<p>[\/et_pb_text][et_pb_image src=\u00bbhttp:\/\/addvisorygroup.com\/wp-content\/uploads\/2020\/03\/bann002_06.png\u00bb _builder_version=\u00bb4.2.2&#8243; animation_style=\u00bbslide\u00bb animation_direction=\u00bbright\u00bb][\/et_pb_image][\/et_pb_column][\/et_pb_row][\/et_pb_section][et_pb_section fb_built=\u00bb1&#8243; _builder_version=\u00bb4.2.2&#8243; background_enable_image=\u00bboff\u00bb][et_pb_row column_structure=\u00bb1_3,2_3&#8243; use_custom_gutter=\u00bbon\u00bb _builder_version=\u00bb4.2.2&#8243; width=\u00bb100%\u00bb max_width=\u00bb1182px\u00bb][et_pb_column type=\u00bb1_3&#8243; _builder_version=\u00bb4.2.2&#8243;][et_pb_text _builder_version=\u00bb4.2.2&#8243; text_text_color=\u00bbrgba(0,0,0,0.5)\u00bb text_font_size=\u00bb18px\u00bb header_font=\u00bb|700|||||||\u00bb header_text_color=\u00bb#0088a0&#8243; custom_margin=\u00bb100px||||false|false\u00bb animation_style=\u00bbzoom\u00bb][\/et_pb_text][\/et_pb_column][et_pb_column type=\u00bb2_3&#8243; _builder_version=\u00bb4.2.2&#8243;][et_pb_text _builder_version=\u00bb4.2.2&#8243; text_font=\u00bb|700|||||||\u00bb text_text_color=\u00bb#ffffff\u00bb text_font_size=\u00bb24px\u00bb text_line_height=\u00bb1.2em\u00bb background_color=\u00bbrgba(10,0,1,0.2)\u00bb custom_margin=\u00bb0px||||false|false\u00bb custom_padding=\u00bb10px|20px|10px|20px|false|false\u00bb animation_style=\u00bbslide\u00bb animation_direction=\u00bbleft\u00bb border_radii=\u00bbon|10px|10px|10px|10px\u00bb]<\/p>\n<p><span>GESTI\u00d3N DE LA INNOVACI\u00d3N<\/span><\/p>\n<p>[\/et_pb_text][et_pb_image src=\u00bbhttp:\/\/addvisorygroup.com\/wp-content\/uploads\/2020\/03\/bann002_07.png\u00bb _builder_version=\u00bb4.2.2&#8243; animation_style=\u00bbslide\u00bb animation_direction=\u00bbright\u00bb][\/et_pb_image][\/et_pb_column][\/et_pb_row][\/et_pb_section]<\/p>\n","protected":false},"excerpt":{"rendered":"<p>[et_pb_section fb_built=\u00bb1&#8243; fullwidth=\u00bbon\u00bb _builder_version=\u00bb4.2.2&#8243;][et_pb_fullwidth_image src=\u00bbhttp:\/\/addvisorygroup.com\/wp-content\/uploads\/2020\/03\/BANNER_A04.jpg\u00bb _builder_version=\u00bb4.2.2&#8243;][\/et_pb_fullwidth_image][\/et_pb_section][et_pb_section fb_built=\u00bb1&#8243; _builder_version=\u00bb4.2.2&#8243; background_enable_image=\u00bboff\u00bb][et_pb_row column_structure=\u00bb1_3,2_3&#8243; use_custom_gutter=\u00bbon\u00bb _builder_version=\u00bb4.2.2&#8243; width=\u00bb100%\u00bb max_width=\u00bb1182px\u00bb][et_pb_column type=\u00bb1_3&#8243; _builder_version=\u00bb4.2.2&#8243;][et_pb_text _builder_version=\u00bb4.2.2&#8243; text_text_color=\u00bbrgba(0,0,0,0.5)\u00bb text_font_size=\u00bb18px\u00bb header_font=\u00bb|700|||||||\u00bb header_text_color=\u00bb#0088a0&#8243; custom_margin=\u00bb100px||||false|false\u00bb animation_style=\u00bbzoom\u00bb] Dise\u00f1ada para formar a los participantes en modelos, m\u00e9todo y herramientas para gestionar el cambio en su organizaci\u00f3n, as\u00ed como adquirir habilidades para facilitar cualquier cambio organizacional. Dentro de esta certificaci\u00f3n junto [&hellip;]<\/p>\n","protected":false},"author":1,"featured_media":0,"parent":0,"menu_order":0,"comment_status":"closed","ping_status":"closed","template":"","meta":{"_et_pb_use_builder":"on","_et_pb_old_content":"","_et_gb_content_width":""},"_links":{"self":[{"href":"http:\/\/www.addvisorygroup.com\/index.php\/wp-json\/wp\/v2\/pages\/39"}],"collection":[{"href":"http:\/\/www.addvisorygroup.com\/index.php\/wp-json\/wp\/v2\/pages"}],"about":[{"href":"http:\/\/www.addvisorygroup.com\/index.php\/wp-json\/wp\/v2\/types\/page"}],"author":[{"embeddable":true,"href":"http:\/\/www.addvisorygroup.com\/index.php\/wp-json\/wp\/v2\/users\/1"}],"replies":[{"embeddable":true,"href":"http:\/\/www.addvisorygroup.com\/index.php\/wp-json\/wp\/v2\/comments?post=39"}],"version-history":[{"count":5,"href":"http:\/\/www.addvisorygroup.com\/index.php\/wp-json\/wp\/v2\/pages\/39\/revisions"}],"predecessor-version":[{"id":450,"href":"http:\/\/www.addvisorygroup.com\/index.php\/wp-json\/wp\/v2\/pages\/39\/revisions\/450"}],"wp:attachment":[{"href":"http:\/\/www.addvisorygroup.com\/index.php\/wp-json\/wp\/v2\/media?parent=39"}],"curies":[{"name":"wp","href":"https:\/\/api.w.org\/{rel}","templated":true}]}}