{"id":42,"date":"2020-01-31T16:44:03","date_gmt":"2020-01-31T16:44:03","guid":{"rendered":"http:\/\/addvisorygroup.com\/?page_id=42"},"modified":"2020-09-07T15:16:09","modified_gmt":"2020-09-07T15:16:09","slug":"transformacion-operativo-y-financiera","status":"publish","type":"page","link":"http:\/\/www.addvisorygroup.com\/index.php\/transformacion-operativo-y-financiera\/","title":{"rendered":"TRANSFORMACI\u00d3N OPERATIVO Y FINANCIERA"},"content":{"rendered":"<p>[et_pb_section fb_built=\u00bb1&#8243; fullwidth=\u00bbon\u00bb _builder_version=\u00bb4.2.2&#8243;][et_pb_fullwidth_image src=\u00bbhttp:\/\/addvisorygroup.com\/wp-content\/uploads\/2020\/03\/BANNER_A05_02.jpg\u00bb _builder_version=\u00bb4.2.2&#8243;][\/et_pb_fullwidth_image][\/et_pb_section][et_pb_section fb_built=\u00bb1&#8243; _builder_version=\u00bb4.2.2&#8243; background_enable_image=\u00bboff\u00bb][et_pb_row column_structure=\u00bb1_3,2_3&#8243; use_custom_gutter=\u00bbon\u00bb _builder_version=\u00bb4.2.2&#8243; width=\u00bb100%\u00bb max_width=\u00bb1182px\u00bb][et_pb_column type=\u00bb1_3&#8243; _builder_version=\u00bb4.2.2&#8243;][et_pb_text _builder_version=\u00bb4.2.2&#8243; text_text_color=\u00bbrgba(0,0,0,0.5)\u00bb text_font_size=\u00bb18px\u00bb header_font=\u00bb|700|||||||\u00bb header_text_color=\u00bb#0088a0&#8243; custom_margin=\u00bb100px||||false|false\u00bb animation_style=\u00bbzoom\u00bb]<\/p>\n<p>Adecuaci\u00f3n continua de las organizaciones al escenario de cambio permanente en los negocios en que se mueven.<\/p>\n<p><b>Dentro de los principales beneficios se encuentran:<\/b><\/p>\n<ul>\n<li>Mejorar el control interno y la asignaci\u00f3n de la responsabilidad.<\/li>\n<li>Mejora en la gesti\u00f3n de la informaci\u00f3n.<\/li>\n<li>Incremento de la eficiencia organizacional.<\/li>\n<li>Mejorar pr\u00e1cticas, innovaci\u00f3n y mejor uso de aplicativos.<\/li>\n<\/ul>\n<p>[\/et_pb_text][\/et_pb_column][et_pb_column type=\u00bb2_3&#8243; _builder_version=\u00bb4.2.2&#8243;][et_pb_text _builder_version=\u00bb4.2.2&#8243; text_font=\u00bb|700|||||||\u00bb text_text_color=\u00bb#ffffff\u00bb text_font_size=\u00bb24px\u00bb text_line_height=\u00bb1.2em\u00bb background_color=\u00bbrgba(10,0,1,0.2)\u00bb custom_margin=\u00bb0px||||false|false\u00bb custom_padding=\u00bb10px|20px|10px|20px|false|false\u00bb animation_style=\u00bbslide\u00bb animation_direction=\u00bbleft\u00bb border_radii=\u00bbon|10px|10px|10px|10px\u00bb]<\/p>\n<p><span>GESTI\u00d3N Y MEJORA DE PROCESOS<\/span><\/p>\n<p>[\/et_pb_text][et_pb_image src=\u00bbhttp:\/\/addvisorygroup.com\/wp-content\/uploads\/2020\/03\/bann002_x01.jpg\u00bb _builder_version=\u00bb4.2.2&#8243; animation_style=\u00bbslide\u00bb animation_direction=\u00bbright\u00bb][\/et_pb_image][\/et_pb_column][\/et_pb_row][\/et_pb_section][et_pb_section fb_built=\u00bb1&#8243; _builder_version=\u00bb4.2.2&#8243; background_enable_image=\u00bboff\u00bb][et_pb_row column_structure=\u00bb2_3,1_3&#8243; use_custom_gutter=\u00bbon\u00bb _builder_version=\u00bb4.2.2&#8243; width=\u00bb100%\u00bb max_width=\u00bb1182px\u00bb][et_pb_column type=\u00bb2_3&#8243; _builder_version=\u00bb4.2.2&#8243;][et_pb_text _builder_version=\u00bb4.2.2&#8243; text_font=\u00bb|700|||||||\u00bb text_text_color=\u00bb#ffffff\u00bb text_font_size=\u00bb24px\u00bb text_line_height=\u00bb1.2em\u00bb header_font=\u00bb|700|||||||\u00bb header_text_color=\u00bb#ffffff\u00bb background_color=\u00bbrgba(10,0,1,0.2)\u00bb custom_margin=\u00bb0px||||false|false\u00bb custom_padding=\u00bb10px|20px|10px|20px|false|false\u00bb animation_style=\u00bbslide\u00bb animation_direction=\u00bbright\u00bb border_radii=\u00bbon|10px|10px|10px|10px\u00bb]<\/p>\n<p><span>OFICINA DE GESTI\u00d3N DE PROYECTOS (PMO)<\/span><\/p>\n<p>[\/et_pb_text][et_pb_image src=\u00bbhttp:\/\/addvisorygroup.com\/wp-content\/uploads\/2020\/03\/bann002_x02.jpg\u00bb _builder_version=\u00bb4.2.2&#8243; animation_style=\u00bbfade\u00bb][\/et_pb_image][\/et_pb_column][et_pb_column type=\u00bb1_3&#8243; _builder_version=\u00bb4.2.2&#8243;][et_pb_text _builder_version=\u00bb4.2.2&#8243; text_text_color=\u00bbrgba(0,0,0,0.5)\u00bb text_font_size=\u00bb18px\u00bb header_font=\u00bb|700|||||||\u00bb header_text_color=\u00bb#0088a0&#8243; custom_margin=\u00bb100px||||false|false\u00bb animation_style=\u00bbzoom\u00bb]<\/p>\n<p>Apoyar en el seguimiento del cumplimiento de los objetivos y beneficios esperados de los proyectos.<\/p>\n<p><b>Dentro de los principales beneficios se encuentran:<\/b><\/p>\n<ul>\n<li>Metodolog\u00eda de gesti\u00f3n de proyectos bajo est\u00e1ndares internacionales.<\/li>\n<li>Visibilidad y control de riesgos durante la ejecuci\u00f3n del proyecto.<\/li>\n<li>Mayores probabilidades de \u00e9xito en la ejecuci\u00f3n de proyectos de mejora y transformaci\u00f3n.<\/li>\n<\/ul>\n<p>[\/et_pb_text][\/et_pb_column][\/et_pb_row][\/et_pb_section][et_pb_section fb_built=\u00bb1&#8243; _builder_version=\u00bb4.2.2&#8243; background_enable_image=\u00bboff\u00bb][et_pb_row column_structure=\u00bb1_3,2_3&#8243; use_custom_gutter=\u00bbon\u00bb _builder_version=\u00bb4.2.2&#8243; width=\u00bb100%\u00bb max_width=\u00bb1182px\u00bb][et_pb_column type=\u00bb1_3&#8243; _builder_version=\u00bb4.2.2&#8243;][et_pb_text _builder_version=\u00bb4.2.2&#8243; text_text_color=\u00bbrgba(0,0,0,0.5)\u00bb text_font_size=\u00bb18px\u00bb header_font=\u00bb|700|||||||\u00bb header_text_color=\u00bb#0088a0&#8243; custom_margin=\u00bb100px||||false|false\u00bb animation_style=\u00bbzoom\u00bb]<\/p>\n<p>Apoyar en el fortalecimiento de la gesti\u00f3n financiera y mejorar la eficiencia empresarial a partir de la incorporaci\u00f3n de modelos avanzados de costeo y gesti\u00f3n de la rentabilidad.<\/p>\n<p><b>Dentro de los principales beneficios se encuentran:<\/b><\/p>\n<ul>\n<li>Fortalecimiento de la gesti\u00f3n financiera y mejora de la eficiencia empresarial.<\/li>\n<li>Mayor previsibilidad de rentabilidad a diferentes niveles.<\/li>\n<li>Mejor toma de decisiones a trav\u00e9s de mejor visibilidad de la informaci\u00f3n de rentabilidad.<\/li>\n<\/ul>\n<p>[\/et_pb_text][\/et_pb_column][et_pb_column type=\u00bb2_3&#8243; _builder_version=\u00bb4.2.2&#8243;][et_pb_text _builder_version=\u00bb4.2.2&#8243; text_font=\u00bb|700|||||||\u00bb text_text_color=\u00bb#ffffff\u00bb text_font_size=\u00bb24px\u00bb text_line_height=\u00bb1.2em\u00bb background_color=\u00bbrgba(10,0,1,0.2)\u00bb custom_margin=\u00bb0px||||false|false\u00bb custom_padding=\u00bb10px|20px|10px|20px|false|false\u00bb animation_style=\u00bbslide\u00bb animation_direction=\u00bbleft\u00bb border_radii=\u00bbon|10px|10px|10px|10px\u00bb]<\/p>\n<p><span>GESTI\u00d3N Y MEDICI\u00d3N DE LA RENTABILIDAD<\/span><\/p>\n<p>[\/et_pb_text][et_pb_image src=\u00bbhttp:\/\/addvisorygroup.com\/wp-content\/uploads\/2020\/03\/bann002_x03.jpg\u00bb _builder_version=\u00bb4.2.2&#8243; animation_style=\u00bbslide\u00bb animation_direction=\u00bbright\u00bb][\/et_pb_image][\/et_pb_column][\/et_pb_row][\/et_pb_section]<\/p>\n","protected":false},"excerpt":{"rendered":"<p>[et_pb_section fb_built=\u00bb1&#8243; fullwidth=\u00bbon\u00bb _builder_version=\u00bb4.2.2&#8243;][et_pb_fullwidth_image src=\u00bbhttp:\/\/addvisorygroup.com\/wp-content\/uploads\/2020\/03\/BANNER_A05_02.jpg\u00bb _builder_version=\u00bb4.2.2&#8243;][\/et_pb_fullwidth_image][\/et_pb_section][et_pb_section fb_built=\u00bb1&#8243; _builder_version=\u00bb4.2.2&#8243; background_enable_image=\u00bboff\u00bb][et_pb_row column_structure=\u00bb1_3,2_3&#8243; use_custom_gutter=\u00bbon\u00bb _builder_version=\u00bb4.2.2&#8243; width=\u00bb100%\u00bb max_width=\u00bb1182px\u00bb][et_pb_column type=\u00bb1_3&#8243; _builder_version=\u00bb4.2.2&#8243;][et_pb_text _builder_version=\u00bb4.2.2&#8243; text_text_color=\u00bbrgba(0,0,0,0.5)\u00bb text_font_size=\u00bb18px\u00bb header_font=\u00bb|700|||||||\u00bb header_text_color=\u00bb#0088a0&#8243; custom_margin=\u00bb100px||||false|false\u00bb animation_style=\u00bbzoom\u00bb] Adecuaci\u00f3n continua de las organizaciones al escenario de cambio permanente en los negocios en que se mueven. Dentro de los principales beneficios se encuentran: Mejorar el control interno y la asignaci\u00f3n de [&hellip;]<\/p>\n","protected":false},"author":1,"featured_media":0,"parent":0,"menu_order":0,"comment_status":"closed","ping_status":"closed","template":"","meta":{"_et_pb_use_builder":"on","_et_pb_old_content":"","_et_gb_content_width":""},"_links":{"self":[{"href":"http:\/\/www.addvisorygroup.com\/index.php\/wp-json\/wp\/v2\/pages\/42"}],"collection":[{"href":"http:\/\/www.addvisorygroup.com\/index.php\/wp-json\/wp\/v2\/pages"}],"about":[{"href":"http:\/\/www.addvisorygroup.com\/index.php\/wp-json\/wp\/v2\/types\/page"}],"author":[{"embeddable":true,"href":"http:\/\/www.addvisorygroup.com\/index.php\/wp-json\/wp\/v2\/users\/1"}],"replies":[{"embeddable":true,"href":"http:\/\/www.addvisorygroup.com\/index.php\/wp-json\/wp\/v2\/comments?post=42"}],"version-history":[{"count":7,"href":"http:\/\/www.addvisorygroup.com\/index.php\/wp-json\/wp\/v2\/pages\/42\/revisions"}],"predecessor-version":[{"id":454,"href":"http:\/\/www.addvisorygroup.com\/index.php\/wp-json\/wp\/v2\/pages\/42\/revisions\/454"}],"wp:attachment":[{"href":"http:\/\/www.addvisorygroup.com\/index.php\/wp-json\/wp\/v2\/media?parent=42"}],"curies":[{"name":"wp","href":"https:\/\/api.w.org\/{rel}","templated":true}]}}