{"id":15,"date":"2020-01-31T16:02:52","date_gmt":"2020-01-31T16:02:52","guid":{"rendered":"http:\/\/addvisorygroup.com\/?page_id=15"},"modified":"2020-09-07T14:54:28","modified_gmt":"2020-09-07T14:54:28","slug":"inicio","status":"publish","type":"page","link":"https:\/\/www.addvisorygroup.com\/","title":{"rendered":"INICIO"},"content":{"rendered":"<p>[et_pb_section fb_built=\u00bb1&#8243; fullwidth=\u00bbon\u00bb _builder_version=\u00bb4.2.2&#8243;][et_pb_fullwidth_image src=\u00bbhttp:\/\/addvisorygroup.com\/wp-content\/uploads\/2020\/03\/BANNER_INICIAL_01.jpg\u00bb _builder_version=\u00bb4.2.2&#8243;][\/et_pb_fullwidth_image][\/et_pb_section][et_pb_section fb_built=\u00bb1&#8243; _builder_version=\u00bb4.2.2&#8243; custom_margin=\u00bb37px||||false|false\u00bb custom_padding=\u00bb0px|||||\u00bb][et_pb_row _builder_version=\u00bb4.2.2&#8243; custom_margin=\u00bb-29px||||false|false\u00bb animation_style=\u00bbzoom\u00bb][et_pb_column type=\u00bb4_4&#8243; _builder_version=\u00bb4.2.2&#8243;][et_pb_text _builder_version=\u00bb4.2.2&#8243; text_font=\u00bb|800|||||||\u00bb text_text_color=\u00bb#ffffff\u00bb text_font_size=\u00bb60px\u00bb text_orientation=\u00bbcenter\u00bb custom_margin=\u00bb-320px||62px|||\u00bb custom_padding=\u00bb0px||0px|||\u00bb text_text_shadow_style=\u00bbpreset3&#8243;]<\/p>\n<p>\u00a1OPTIMICE SU NEGOCIO HOY!<\/p>\n<p>[\/et_pb_text][et_pb_text _builder_version=\u00bb4.2.2&#8243; text_font=\u00bb|700|||||||\u00bb text_text_color=\u00bb#ffffff\u00bb text_font_size=\u00bb25px\u00bb text_line_height=\u00bb1.5em\u00bb text_orientation=\u00bbcenter\u00bb custom_margin=\u00bb-28px|||||\u00bb text_text_shadow_style=\u00bbpreset3&#8243;]<\/p>\n<p>ASESORAMOS A EMPRESAS BOLIVIANAS EN GESTI\u00d3N Y TECNOLOG\u00cdA M\u00c1S DE 20 A\u00d1OS DE EXPERIENCIA<\/p>\n<p>&nbsp;<\/p>\n<p>[\/et_pb_text][\/et_pb_column][\/et_pb_row][\/et_pb_section][et_pb_section fb_built=\u00bb1&#8243; admin_label=\u00bbFeatures\u00bb _builder_version=\u00bb4.2.2&#8243; custom_margin=\u00bb188px||||false|false\u00bb][et_pb_row column_structure=\u00bb1_3,1_3,1_3&#8243; custom_padding_last_edited=\u00bbon|desktop\u00bb _builder_version=\u00bb3.25.3&#8243; max_width=\u00bbnone\u00bb custom_margin=\u00bb-17vw|auto|-17vw|auto|true|\u00bb custom_margin_tablet=\u00bb0vw||0vw||true\u00bb custom_margin_phone=\u00bb\u00bb custom_margin_last_edited=\u00bbon|desktop\u00bb custom_padding=\u00bb|||20%\u00bb custom_padding_tablet=\u00bb|||0%\u00bb custom_padding_phone=\u00bb\u00bb][et_pb_column type=\u00bb1_3&#8243; _builder_version=\u00bb3.25.1&#8243;][et_pb_blurb title=\u00bbMAS DE 460&#8243; image=\u00bbhttp:\/\/addvisorygroup.com\/wp-content\/uploads\/2020\/03\/business-presentation2.png\u00bb _builder_version=\u00bb4.2.2&#8243; header_font=\u00bbOverpass|900|||||||\u00bb header_line_height=\u00bb1.4em\u00bb body_font=\u00bbOverpass|300|||||||\u00bb body_line_height=\u00bb1.8em\u00bb text_orientation=\u00bbcenter\u00bb]<\/p>\n<p>PROYECTOS ELABORADOS<\/p>\n<p>[\/et_pb_blurb][\/et_pb_column][et_pb_column type=\u00bb1_3&#8243; _builder_version=\u00bb3.25.1&#8243; transform_scale_tablet=\u00bb\u00bb transform_scale_phone=\u00bb\u00bb transform_scale_last_edited=\u00bbon|desktop\u00bb transform_translate=\u00bb0px|-94px\u00bb transform_translate_tablet=\u00bb0px|0px\u00bb transform_translate_phone=\u00bb\u00bb transform_translate_last_edited=\u00bbon|desktop\u00bb transform_translate_linked=\u00bboff\u00bb transform_rotate_tablet=\u00bb\u00bb transform_rotate_phone=\u00bb\u00bb transform_rotate_last_edited=\u00bbon|desktop\u00bb transform_skew_tablet=\u00bb\u00bb transform_skew_phone=\u00bb\u00bb transform_skew_last_edited=\u00bbon|desktop\u00bb transform_origin_tablet=\u00bb\u00bb transform_origin_phone=\u00bb\u00bb transform_origin_last_edited=\u00bbon|desktop\u00bb transform_styles_last_edited=\u00bbon|desktop\u00bb transform_styles_tablet=\u00bb\u00bb transform_styles_phone=\u00bb\u00bb][et_pb_blurb title=\u00bbMAS 290&#8243; image=\u00bbhttp:\/\/addvisorygroup.com\/wp-content\/uploads\/2020\/03\/grou2.png\u00bb _builder_version=\u00bb4.2.2&#8243; header_font=\u00bbOverpass|900|||||||\u00bb header_line_height=\u00bb1.4em\u00bb body_font=\u00bbOverpass|300|||||||\u00bb body_line_height=\u00bb1.8em\u00bb text_orientation=\u00bbcenter\u00bb locked=\u00bboff\u00bb]<\/p>\n<p>CLIENTES SATISFECHOS<\/p>\n<p>[\/et_pb_blurb][\/et_pb_column][et_pb_column type=\u00bb1_3&#8243; _builder_version=\u00bb3.25.1&#8243; transform_scale_tablet=\u00bb\u00bb transform_scale_phone=\u00bb\u00bb transform_scale_last_edited=\u00bbon|desktop\u00bb transform_translate=\u00bb0px|-188px\u00bb transform_translate_tablet=\u00bb0px|0px\u00bb transform_translate_phone=\u00bb\u00bb transform_translate_last_edited=\u00bbon|desktop\u00bb transform_translate_linked=\u00bboff\u00bb transform_rotate_tablet=\u00bb\u00bb transform_rotate_phone=\u00bb\u00bb transform_rotate_last_edited=\u00bbon|desktop\u00bb transform_skew_tablet=\u00bb\u00bb transform_skew_phone=\u00bb\u00bb transform_skew_last_edited=\u00bbon|desktop\u00bb transform_origin_tablet=\u00bb\u00bb transform_origin_phone=\u00bb\u00bb transform_origin_last_edited=\u00bbon|desktop\u00bb transform_styles_last_edited=\u00bbon|desktop\u00bb transform_styles_tablet=\u00bb\u00bb transform_styles_phone=\u00bb\u00bb][et_pb_blurb title=\u00bbMAS DE 258&#8243; image=\u00bbhttp:\/\/addvisorygroup.com\/wp-content\/uploads\/2020\/03\/business-people-meetin2.png\u00bb _builder_version=\u00bb4.2.2&#8243; header_font=\u00bbOverpass|900|||||||\u00bb header_line_height=\u00bb1.4em\u00bb body_font=\u00bbOverpass|300|||||||\u00bb body_line_height=\u00bb1.8em\u00bb text_orientation=\u00bbcenter\u00bb border_color_all_image=\u00bb#0badbf\u00bb locked=\u00bboff\u00bb]<\/p>\n<p>PROYECTOS EN MARCHA<\/p>\n<p>[\/et_pb_blurb][\/et_pb_column][\/et_pb_row][\/et_pb_section][et_pb_section fb_built=\u00bb1&#8243; prev_background_color=\u00bb#ffffff\u00bb admin_label=\u00bbFeature\u00bb _builder_version=\u00bb4.2.2&#8243; use_background_color_gradient=\u00bbon\u00bb background_color_gradient_start=\u00bb#0088a0&#8243; background_color_gradient_end=\u00bb#001f4c\u00bb background_color_gradient_type=\u00bbradial\u00bb background_image=\u00bbhttp:\/\/addvisorygroup.com\/wp-content\/uploads\/2020\/03\/cyber-security-02.png\u00bb background_size=\u00bbcontain\u00bb background_position=\u00bbbottom_center\u00bb custom_padding=\u00bb||175px||false|false\u00bb top_divider_style=\u00bbslant\u00bb top_divider_height=\u00bb26vw\u00bb top_divider_flip=\u00bbhorizontal\u00bb][et_pb_row column_structure=\u00bb1_2,1_2&#8243; _builder_version=\u00bb3.25.1&#8243;][et_pb_column type=\u00bb1_2&#8243; _builder_version=\u00bb3.25.1&#8243;][et_pb_image src=\u00bbhttp:\/\/addvisorygroup.com\/wp-content\/uploads\/2020\/03\/004.jpg\u00bb _builder_version=\u00bb4.2.2&#8243; transform_scale=\u00bb250%|250%\u00bb transform_scale_tablet=\u00bb100%|100%\u00bb transform_scale_phone=\u00bb\u00bb transform_scale_last_edited=\u00bbon|desktop\u00bb transform_translate=\u00bb-6vw|4vw\u00bb transform_translate_tablet=\u00bb0vw|0vw\u00bb transform_translate_phone=\u00bb\u00bb transform_translate_last_edited=\u00bbon|desktop\u00bb transform_translate_linked=\u00bboff\u00bb transform_rotate=\u00bb0deg|0deg|57deg\u00bb transform_rotate_tablet=\u00bb0deg|0deg|27deg\u00bb transform_rotate_phone=\u00bb\u00bb transform_rotate_last_edited=\u00bbon|desktop\u00bb transform_skew_tablet=\u00bb\u00bb transform_skew_phone=\u00bb\u00bb transform_skew_last_edited=\u00bbon|desktop\u00bb transform_origin_tablet=\u00bb\u00bb transform_origin_phone=\u00bb\u00bb transform_origin_last_edited=\u00bbon|desktop\u00bb transform_styles_last_edited=\u00bbon|desktop\u00bb custom_margin=\u00bb|||\u00bb transform_styles_tablet=\u00bb\u00bb transform_styles_phone=\u00bb\u00bb border_radii=\u00bbon|500px|500px|500px|500px\u00bb][\/et_pb_image][\/et_pb_column][et_pb_column type=\u00bb1_2&#8243; _builder_version=\u00bb3.25.1&#8243; custom_padding=\u00bb18vw||\u00bb][et_pb_text _builder_version=\u00bb4.2.2&#8243; text_font=\u00bb||||||||\u00bb header_text_color=\u00bb#ffffff\u00bb header_2_font=\u00bbOverpass|900|||||||\u00bb header_2_font_size=\u00bb56px\u00bb header_2_line_height=\u00bb1.1em\u00bb header_3_font=\u00bbOverpass|600|||||||\u00bb header_3_text_color=\u00bb#00b4ff\u00bb header_3_font_size=\u00bb30px\u00bb header_3_line_height=\u00bb1.2em\u00bb background_layout=\u00bbdark\u00bb custom_margin=\u00bb0px||||false|false\u00bb animation_style=\u00bbzoom\u00bb header_2_font_size_tablet=\u00bb38px\u00bb header_2_font_size_phone=\u00bb26px\u00bb header_2_font_size_last_edited=\u00bbon|desktop\u00bb header_3_font_tablet=\u00bb\u00bb header_3_font_phone=\u00bbOverpass|700|||||||\u00bb header_3_font_last_edited=\u00bbon|phone\u00bb header_3_font_size_tablet=\u00bb24px\u00bb header_3_font_size_phone=\u00bb18px\u00bb header_3_font_size_last_edited=\u00bbon|desktop\u00bb locked=\u00bboff\u00bb]<\/p>\n<h2>GENERAMOS NUEVAS IDEAS<\/h2>\n<h3><span style=\"color: #e0e0e0;\">RESOLVEMOS PROBLEMAS<\/span><\/h3>\n<p>[\/et_pb_text][et_pb_divider color=\u00bb#00b4ff\u00bb divider_weight=\u00bb2px\u00bb _builder_version=\u00bb3.25.1&#8243; width=\u00bb100px\u00bb custom_margin=\u00bb||0px\u00bb][\/et_pb_divider][et_pb_text _builder_version=\u00bb4.2.2&#8243; text_font=\u00bbOverpass|300|||||||\u00bb text_font_size=\u00bb17px\u00bb text_line_height=\u00bb1.8em\u00bb background_layout=\u00bbdark\u00bb text_font_size_tablet=\u00bb\u00bb text_font_size_phone=\u00bb14px\u00bb text_font_size_last_edited=\u00bbon|desktop\u00bb locked=\u00bboff\u00bb]<\/p>\n<p>Nuestra oferta de soluciones se basa en la aplicaci\u00f3n de metodolog\u00edas de clase mundial, un equipo altamente especializado y la conformaci\u00f3n de alianzas estrat\u00e9gicas con otras empresas de primer nivel internacional, a fin de poner a disposici\u00f3n de nuestros clientes soluciones integrales y de aplicaci\u00f3n probada.<\/p>\n<p>[\/et_pb_text][\/et_pb_column][\/et_pb_row][\/et_pb_section][et_pb_section fb_built=\u00bb1&#8243; prev_background_color=\u00bb#ffffff\u00bb admin_label=\u00bbFeature\u00bb _builder_version=\u00bb4.2.2&#8243; use_background_color_gradient=\u00bbon\u00bb background_color_gradient_start=\u00bb#ffffff\u00bb background_color_gradient_end=\u00bbrgba(194,194,194,0.32)\u00bb background_color_gradient_type=\u00bbradial\u00bb background_color_gradient_direction_radial=\u00bbtop right\u00bb background_image=\u00bbhttp:\/\/addvisorygroup.com\/wp-content\/uploads\/2020\/03\/cyber-security-03-1.png\u00bb background_position=\u00bbbottom_center\u00bb custom_margin=\u00bb-2px||-2px||true|\u00bb custom_padding=\u00bb10vw||10vw||true|\u00bb top_divider_style=\u00bbslant2&#8243; locked=\u00bboff\u00bb][et_pb_row column_structure=\u00bb2_5,3_5&#8243; _builder_version=\u00bb3.25.1&#8243; z_index=\u00bb1&#8243;][et_pb_column type=\u00bb2_5&#8243; _builder_version=\u00bb3.25.1&#8243;][et_pb_text _builder_version=\u00bb4.2.2&#8243; text_font=\u00bb||||||||\u00bb header_text_color=\u00bb#0088a0&#8243; header_2_font=\u00bbOverpass|900|||||||\u00bb header_2_font_size=\u00bb56px\u00bb header_2_line_height=\u00bb1.1em\u00bb header_3_font=\u00bbOverpass|600|||||||\u00bb header_3_text_color=\u00bb#00b4ff\u00bb header_3_font_size=\u00bb30px\u00bb header_3_line_height=\u00bb1.2em\u00bb background_layout=\u00bbdark\u00bb custom_padding=\u00bb|||||\u00bb header_2_font_size_tablet=\u00bb38px\u00bb header_2_font_size_phone=\u00bb26px\u00bb header_2_font_size_last_edited=\u00bbon|desktop\u00bb header_3_font_tablet=\u00bb\u00bb header_3_font_phone=\u00bbOverpass|700|||||||\u00bb header_3_font_last_edited=\u00bbon|phone\u00bb header_3_font_size_tablet=\u00bb24px\u00bb header_3_font_size_phone=\u00bb18px\u00bb header_3_font_size_last_edited=\u00bbon|desktop\u00bb locked=\u00bboff\u00bb]<\/p>\n<h2><span style=\"color: #0088a0;\">NO TE CONFORMES CON MENOS<\/span><\/h2>\n<p>[\/et_pb_text][et_pb_text _builder_version=\u00bb3.27.4&#8243; text_font=\u00bbOverpass|300|||||||\u00bb text_font_size=\u00bb17px\u00bb text_line_height=\u00bb1.8em\u00bb background_layout=\u00bbdark\u00bb text_font_size_tablet=\u00bb\u00bb text_font_size_phone=\u00bb14px\u00bb text_font_size_last_edited=\u00bbon|desktop\u00bb locked=\u00bboff\u00bb]<\/p>\n<p><span style=\"color: #0088a0;\">Nuestra oferta de soluciones se basa en la aplicaci\u00f3n de metodolog\u00edas de clase mundial, un equipo altamente especializado y la conformaci\u00f3n de alianzas estrat\u00e9gicas con otras empresas de primer nivel internacional, a fin de poner a disposici\u00f3n de nuestros clientes soluciones integrales y de aplicaci\u00f3n probada.<\/span><\/p>\n<p>[\/et_pb_text][\/et_pb_column][et_pb_column type=\u00bb3_5&#8243; _builder_version=\u00bb3.25.1&#8243;][et_pb_blurb title=\u00bbTRANSFORMACI\u00d3N Y DESARROLLO ORGANIZACIONAL\u00bb use_icon=\u00bbon\u00bb font_icon=\u00bb%%135%%\u00bb icon_placement=\u00bbleft\u00bb image_max_width_tablet=\u00bb\u00bb image_max_width_phone=\u00bb50px\u00bb image_max_width_last_edited=\u00bbon|phone\u00bb _builder_version=\u00bb4.2.2&#8243; header_font=\u00bbOverpass|900|||||||\u00bb header_text_align=\u00bbleft\u00bb header_text_color=\u00bb#0088a0&#8243; header_line_height=\u00bb1.4em\u00bb body_font=\u00bbOverpass|300|||||||\u00bb body_line_height=\u00bb1.8em\u00bb background_color=\u00bb#ffffff\u00bb transform_rotate=\u00bb0deg|0deg|-3deg\u00bb text_orientation=\u00bbcenter\u00bb custom_padding=\u00bb24px|20px|24px|20px|true|true\u00bb animation_style=\u00bbslide\u00bb animation_direction=\u00bbright\u00bb border_radii=\u00bbon|10px|10px|10px|10px\u00bb box_shadow_style=\u00bbpreset1&#8243; box_shadow_vertical=\u00bb10px\u00bb box_shadow_blur=\u00bb60px\u00bb box_shadow_color=\u00bbrgba(10,45,97,0.1)\u00bb locked=\u00bboff\u00bb]<\/p>\n<p>Asesoramiento en el desarrollo de la visi\u00f3n, misi\u00f3n y objetivos de su empresa.<\/p>\n<p>[\/et_pb_blurb][et_pb_blurb title=\u00bbINNOVACI\u00d3N ESTRAT\u00c9GICA\u00bb use_icon=\u00bbon\u00bb font_icon=\u00bb%%267%%\u00bb icon_placement=\u00bbleft\u00bb image_max_width_tablet=\u00bb\u00bb image_max_width_phone=\u00bb50px\u00bb image_max_width_last_edited=\u00bbon|phone\u00bb _builder_version=\u00bb4.2.2&#8243; header_font=\u00bbOverpass|900|||||||\u00bb header_text_align=\u00bbleft\u00bb header_text_color=\u00bb#0088a0&#8243; header_line_height=\u00bb1.4em\u00bb body_font=\u00bbOverpass|300|||||||\u00bb body_line_height=\u00bb1.8em\u00bb background_color=\u00bb#ffffff\u00bb transform_rotate=\u00bb0deg|0deg|-3deg\u00bb text_orientation=\u00bbcenter\u00bb custom_padding=\u00bb24px|20px|24px|20px|true|true\u00bb animation_style=\u00bbslide\u00bb animation_direction=\u00bbleft\u00bb border_radii=\u00bbon|10px|10px|10px|10px\u00bb box_shadow_style=\u00bbpreset1&#8243; box_shadow_vertical=\u00bb10px\u00bb box_shadow_blur=\u00bb60px\u00bb box_shadow_color=\u00bbrgba(10,45,97,0.1)\u00bb locked=\u00bboff\u00bb]<\/p>\n<p style=\"text-align: left;\">Dise\u00f1o Estrat\u00e9gico con Innovaci\u00f3n Empresarial<br \/> Innovation Management Office (IMO).<\/p>\n<p>[\/et_pb_blurb][et_pb_blurb title=\u00bbCERTIFICACIONES INTERNACIONALES\u00bb use_icon=\u00bbon\u00bb font_icon=\u00bb%%171%%\u00bb icon_placement=\u00bbleft\u00bb image_max_width_tablet=\u00bb\u00bb image_max_width_phone=\u00bb50px\u00bb image_max_width_last_edited=\u00bbon|phone\u00bb _builder_version=\u00bb4.2.2&#8243; header_font=\u00bbOverpass|900|||||||\u00bb header_text_align=\u00bbleft\u00bb header_text_color=\u00bb#0088a0&#8243; header_line_height=\u00bb1.4em\u00bb body_font=\u00bbOverpass|300|||||||\u00bb body_line_height=\u00bb1.8em\u00bb background_color=\u00bb#ffffff\u00bb transform_rotate=\u00bb0deg|0deg|-3deg\u00bb text_orientation=\u00bbcenter\u00bb custom_padding=\u00bb24px|20px|24px|20px|true|true\u00bb animation_style=\u00bbslide\u00bb animation_direction=\u00bbleft\u00bb border_radii=\u00bbon|10px|10px|10px|10px\u00bb box_shadow_style=\u00bbpreset1&#8243; box_shadow_vertical=\u00bb10px\u00bb box_shadow_blur=\u00bb60px\u00bb box_shadow_color=\u00bbrgba(10,45,97,0.1)\u00bb locked=\u00bboff\u00bb]<\/p>\n<p style=\"text-align: left;\">Gesti\u00f3n del Cambio, Transformaci\u00f3n Cultural<br \/> Agilidad Organizacional, Desarrollo Organizacional<br \/> Gesti\u00f3n de la Innovaci\u00f3n<\/p>\n<p>[\/et_pb_blurb][et_pb_blurb title=\u00bbTRANSFORMACI\u00d3N OPERATIVA Y FINANCIERA\u00bb use_icon=\u00bbon\u00bb font_icon=\u00bb%%283%%\u00bb icon_placement=\u00bbleft\u00bb image_max_width_tablet=\u00bb\u00bb image_max_width_phone=\u00bb50px\u00bb image_max_width_last_edited=\u00bbon|phone\u00bb _builder_version=\u00bb4.2.2&#8243; header_font=\u00bbOverpass|900|||||||\u00bb header_text_align=\u00bbleft\u00bb header_text_color=\u00bb#0088a0&#8243; header_line_height=\u00bb1.4em\u00bb body_font=\u00bbOverpass|300|||||||\u00bb body_line_height=\u00bb1.8em\u00bb background_color=\u00bb#ffffff\u00bb transform_rotate=\u00bb0deg|0deg|-3deg\u00bb text_orientation=\u00bbcenter\u00bb custom_padding=\u00bb24px|20px|24px|20px|true|true\u00bb animation_style=\u00bbslide\u00bb animation_direction=\u00bbbottom\u00bb border_radii=\u00bbon|10px|10px|10px|10px\u00bb box_shadow_style=\u00bbpreset1&#8243; box_shadow_vertical=\u00bb10px\u00bb box_shadow_blur=\u00bb60px\u00bb box_shadow_color=\u00bbrgba(10,45,97,0.1)\u00bb locked=\u00bboff\u00bb]<\/p>\n<p style=\"text-align: left;\">Gesti\u00f3n y Mejora de Procesos<br \/> Oficina de Gesti\u00f3n de Proyectos (PMO)<br \/> Gesti\u00f3n y Medici\u00f3n de la Rentabilidad.<\/p>\n<p>[\/et_pb_blurb][\/et_pb_column][\/et_pb_row][\/et_pb_section][et_pb_section fb_built=\u00bb1&#8243; _builder_version=\u00bb4.2.2&#8243; custom_padding=\u00bb0px|||||\u00bb][et_pb_row column_structure=\u00bb1_2,1_2&#8243; _builder_version=\u00bb4.2.2&#8243; animation_style=\u00bbzoom\u00bb][et_pb_column type=\u00bb1_2&#8243; _builder_version=\u00bb4.2.2&#8243;][et_pb_image src=\u00bbhttp:\/\/addvisorygroup.com\/wp-content\/uploads\/2020\/03\/fomulario.jpg\u00bb _builder_version=\u00bb4.2.2&#8243;][\/et_pb_image][\/et_pb_column][et_pb_column type=\u00bb1_2&#8243; _builder_version=\u00bb4.2.2&#8243;][et_pb_contact_form email=\u00bbaddvisory@addvisorygroup.com\u00bb title=\u00bbESCR\u00cdBENOS\u00bb custom_message=\u00bbMensaje enviado desde el formulario de la la pagina web||et_pb_line_break_holder||||et_pb_line_break_holder||Con los siguientes datos:||et_pb_line_break_holder||||et_pb_line_break_holder||Mi nombre es: %%nombre%%||et_pb_line_break_holder||Nombre de la empresa: %%empresa%%||et_pb_line_break_holder||Cargo: %%cargo%%||et_pb_line_break_holder||Mi correo es: %%email%%||et_pb_line_break_holder||Mi tel\u00e9fono celular es: %%celular%%||et_pb_line_break_holder||Estoy en la ciudad de: %%ciudad%%||et_pb_line_break_holder||%%area%%||et_pb_line_break_holder||Deseo contactarlos via: %%como_desea_contactarnos%%||et_pb_line_break_holder||Mi consulta o mensaje es: %%mensaje%%\u00bb success_message=\u00bbMuchas gracias por comunicarse con Addvisory GROUP.  Su mensaje ha sido enviando con exito.  Usted es muy importante para nosotros, en breve contestaremos todas sus consultas.  Gracias.\u00bb _builder_version=\u00bb4.2.2&#8243; form_field_background_color=\u00bb#ffffff\u00bb form_field_text_color=\u00bbrgba(0,0,0,0.55)\u00bb title_font=\u00bb|700|||||||\u00bb title_text_align=\u00bbcenter\u00bb title_text_color=\u00bbrgba(0,0,0,0.57)\u00bb title_font_size=\u00bb32px\u00bb title_line_height=\u00bb1.2em\u00bb form_field_font_size=\u00bb14px\u00bb border_radii=\u00bbon|7px|7px|7px|7px\u00bb border_width_all=\u00bb1px\u00bb border_color_all=\u00bbrgba(51,51,51,0.21)\u00bb][et_pb_contact_field field_id=\u00bbnombre\u00bb field_title=\u00bbNombre Completo\u00bb fullwidth_field=\u00bbon\u00bb _builder_version=\u00bb4.2.2&#8243;][\/et_pb_contact_field][et_pb_contact_field field_id=\u00bbempresa\u00bb field_title=\u00bbNombre de su Empresa\u00bb fullwidth_field=\u00bbon\u00bb _builder_version=\u00bb4.2.2&#8243;][\/et_pb_contact_field][et_pb_contact_field field_id=\u00bbcargo\u00bb field_title=\u00bbCargo\u00bb fullwidth_field=\u00bbon\u00bb _builder_version=\u00bb4.2.2&#8243;][\/et_pb_contact_field][et_pb_contact_field field_id=\u00bbemail\u00bb field_title=\u00bbCorreo Electr\u00f3nico\u00bb field_type=\u00bbemail\u00bb fullwidth_field=\u00bbon\u00bb _builder_version=\u00bb4.2.2&#8243;][\/et_pb_contact_field][et_pb_contact_field field_id=\u00bbcelular\u00bb field_title=\u00bbN\u00famero de Celular\u00bb max_length=\u00bb16&#8243; allowed_symbols=\u00bbnumbers\u00bb fullwidth_field=\u00bbon\u00bb _builder_version=\u00bb4.2.2&#8243;][\/et_pb_contact_field][et_pb_contact_field field_id=\u00bbciudad\u00bb field_title=\u00bbCiudad\u00bb fullwidth_field=\u00bbon\u00bb _builder_version=\u00bb4.2.2&#8243;][\/et_pb_contact_field][et_pb_contact_field field_id=\u00bbarea\u00bb field_title=\u00bb\u00c1rea de inter\u00e9s\u00bb fullwidth_field=\u00bbon\u00bb _builder_version=\u00bb4.2.2&#8243;][\/et_pb_contact_field][et_pb_contact_field field_id=\u00bbcomo_desea_contactarnos\u00bb field_title=\u00bbComo desea contactarnos?\u00bb field_type=\u00bbradio\u00bb radio_options=\u00bb%91{%22value%22:%22E-Mail%22,%22checked%22:0,%22dragID%22:-1,%22link_url%22:%22%22,%22link_text%22:%22%22},{%22value%22:%22Llamada%22,%22checked%22:0,%22dragID%22:0},{%22value%22:%22Whatsapp%22,%22checked%22:0,%22dragID%22:1}%93&#8243; fullwidth_field=\u00bbon\u00bb _builder_version=\u00bb4.2.2&#8243;][\/et_pb_contact_field][et_pb_contact_field field_id=\u00bbmensaje\u00bb field_title=\u00bbComentario o mensaje\u00bb field_type=\u00bbtext\u00bb fullwidth_field=\u00bbon\u00bb _builder_version=\u00bb4.2.2&#8243;][\/et_pb_contact_field][\/et_pb_contact_form][\/et_pb_column][\/et_pb_row][\/et_pb_section]<\/p>\n","protected":false},"excerpt":{"rendered":"<p>[et_pb_section fb_built=\u00bb1&#8243; fullwidth=\u00bbon\u00bb _builder_version=\u00bb4.2.2&#8243;][et_pb_fullwidth_image src=\u00bbhttp:\/\/addvisorygroup.com\/wp-content\/uploads\/2020\/03\/BANNER_INICIAL_01.jpg\u00bb _builder_version=\u00bb4.2.2&#8243;][\/et_pb_fullwidth_image][\/et_pb_section][et_pb_section fb_built=\u00bb1&#8243; _builder_version=\u00bb4.2.2&#8243; custom_margin=\u00bb37px||||false|false\u00bb custom_padding=\u00bb0px|||||\u00bb][et_pb_row _builder_version=\u00bb4.2.2&#8243; custom_margin=\u00bb-29px||||false|false\u00bb animation_style=\u00bbzoom\u00bb][et_pb_column type=\u00bb4_4&#8243; _builder_version=\u00bb4.2.2&#8243;][et_pb_text _builder_version=\u00bb4.2.2&#8243; text_font=\u00bb|800|||||||\u00bb text_text_color=\u00bb#ffffff\u00bb text_font_size=\u00bb60px\u00bb text_orientation=\u00bbcenter\u00bb custom_margin=\u00bb-320px||62px|||\u00bb custom_padding=\u00bb0px||0px|||\u00bb text_text_shadow_style=\u00bbpreset3&#8243;] \u00a1OPTIMICE SU NEGOCIO HOY! [\/et_pb_text][et_pb_text _builder_version=\u00bb4.2.2&#8243; text_font=\u00bb|700|||||||\u00bb text_text_color=\u00bb#ffffff\u00bb text_font_size=\u00bb25px\u00bb text_line_height=\u00bb1.5em\u00bb text_orientation=\u00bbcenter\u00bb custom_margin=\u00bb-28px|||||\u00bb text_text_shadow_style=\u00bbpreset3&#8243;] ASESORAMOS A EMPRESAS BOLIVIANAS EN GESTI\u00d3N Y TECNOLOG\u00cdA M\u00c1S DE 20 A\u00d1OS DE EXPERIENCIA &nbsp; [\/et_pb_text][\/et_pb_column][\/et_pb_row][\/et_pb_section][et_pb_section fb_built=\u00bb1&#8243; admin_label=\u00bbFeatures\u00bb _builder_version=\u00bb4.2.2&#8243; [&hellip;]<\/p>\n","protected":false},"author":1,"featured_media":0,"parent":0,"menu_order":0,"comment_status":"closed","ping_status":"closed","template":"","meta":{"_et_pb_use_builder":"on","_et_pb_old_content":"","_et_gb_content_width":""},"_links":{"self":[{"href":"https:\/\/www.addvisorygroup.com\/index.php\/wp-json\/wp\/v2\/pages\/15"}],"collection":[{"href":"https:\/\/www.addvisorygroup.com\/index.php\/wp-json\/wp\/v2\/pages"}],"about":[{"href":"https:\/\/www.addvisorygroup.com\/index.php\/wp-json\/wp\/v2\/types\/page"}],"author":[{"embeddable":true,"href":"https:\/\/www.addvisorygroup.com\/index.php\/wp-json\/wp\/v2\/users\/1"}],"replies":[{"embeddable":true,"href":"https:\/\/www.addvisorygroup.com\/index.php\/wp-json\/wp\/v2\/comments?post=15"}],"version-history":[{"count":43,"href":"https:\/\/www.addvisorygroup.com\/index.php\/wp-json\/wp\/v2\/pages\/15\/revisions"}],"predecessor-version":[{"id":434,"href":"https:\/\/www.addvisorygroup.com\/index.php\/wp-json\/wp\/v2\/pages\/15\/revisions\/434"}],"wp:attachment":[{"href":"https:\/\/www.addvisorygroup.com\/index.php\/wp-json\/wp\/v2\/media?parent=15"}],"curies":[{"name":"wp","href":"https:\/\/api.w.org\/{rel}","templated":true}]}}